{"id":1463,"date":"2021-02-20T23:20:15","date_gmt":"2021-02-20T22:20:15","guid":{"rendered":"http:\/\/fwg-woellstadt.de\/?page_id=1463"},"modified":"2021-02-21T00:16:45","modified_gmt":"2021-02-20T23:16:45","slug":"woellstadt-gemeinsam-entwickeln","status":"publish","type":"page","link":"http:\/\/fwg-woellstadt.de\/index.php\/wahlprogramm-2021-fuer-woellstadt-gemeinsam\/woellstadt-gemeinsam-entwickeln\/","title":{"rendered":"W\u00f6llstadt gemeinsam entwickeln"},"content":{"rendered":"\n<p>F\u00fcr die Freie W\u00e4hlergemeinschaft ist es das zentralste Anliegen, dass sich unsere Heimat gut entwickelt und f\u00fcr alle B\u00fcrger\/innen ein sch\u00f6nes Zuhause ist. <\/p>\n\n\n\n<blockquote class=\"wp-block-quote is-layout-flow wp-block-quote-is-layout-flow\"><p>77% der Befragten leben gerne in W\u00f6llstadt<\/p><cite>8,5 von 10 Punkten bei 192 R\u00fcckmeldungen<\/cite><\/blockquote>\n\n\n\n<p>Deshalb setzt sich die FWG f\u00fcr ein gemeinsames W\u00f6llstadt ein und spricht sich gegen das Ortsteilspalten aus. In unserem Wahlprogramm haben wir viele Ideen f\u00fcr beide Ortsteile.<\/p>\n\n\n\n<p>Wir wollen, dass noch mehr W\u00f6llst\u00e4dter\/innen gerne in W\u00f6llstadt leben. Das geht unserer Meinung nach besser, wenn wir alle gemeinsam f\u00fcr W\u00f6llstadt zusammenarbeiten. Wir bieten CDU und SPD eine konstruktive Zusammenarbeit an. Es hat sich gezeigt, dass eine absolute Mehrheit nicht zu einer guten Zusammenarbeit f\u00fchrt. <\/p>\n\n\n\n<div class=\"wp-block-group has-luminous-vivid-amber-to-luminous-vivid-orange-gradient-background has-background\"><div class=\"wp-block-group__inner-container is-layout-flow wp-block-group-is-layout-flow\">\n<p><strong>Konkrete Ideen<\/strong> <\/p>\n\n\n\n<p>W\u00f6llstadt kann nur zusammenwachsen, wenn es eine gemeinsame Mitte hat. Hier bietet sich eine Fl\u00e4che zwischen den Ortsteilen als Aufenthaltspunkt an. Wir wollen, dass eine gemeinsame Mitte zusammen mit B\u00fcrgerinnen und B\u00fcrgern entwickelt wird. Es k\u00f6nnte zum Beispiel direkt am Fahrradweg ein gro\u00dfer Spielplatz bzw. ein Mehrgenerationenplatz mit Spielwiese f\u00fcr Familien entstehen.<\/p>\n\n\n\n<p>Au\u00dferdem wollen wir die gemeinsame Ferienspielwoche f\u00fcr Kinder f\u00f6rdern.<\/p>\n<\/div><\/div>\n","protected":false},"excerpt":{"rendered":"<div class=\"mh-excerpt\"><p>F\u00fcr die Freie W\u00e4hlergemeinschaft ist es das zentralste Anliegen, dass sich unsere Heimat gut entwickelt und f\u00fcr alle B\u00fcrger\/innen ein sch\u00f6nes Zuhause ist. 77% der Befragten leben gerne in W\u00f6llstadt 8,5 von 10 Punkten bei <a class=\"mh-excerpt-more\" href=\"http:\/\/fwg-woellstadt.de\/index.php\/wahlprogramm-2021-fuer-woellstadt-gemeinsam\/woellstadt-gemeinsam-entwickeln\/\" title=\"W\u00f6llstadt gemeinsam entwickeln\">[&#8230;]<\/a><\/p>\n<\/div>","protected":false},"author":2,"featured_media":0,"parent":1454,"menu_order":0,"comment_status":"closed","ping_status":"closed","template":"","meta":{"_EventAllDay":false,"_EventTimezone":"","_EventStartDate":"","_EventEndDate":"","_EventStartDateUTC":"","_EventEndDateUTC":"","_EventShowMap":false,"_EventShowMapLink":false,"_EventURL":"","_EventCost":"","_EventCostDescription":"","_EventCurrencySymbol":"","_EventCurrencyCode":"","_EventCurrencyPosition":"","_EventDateTimeSeparator":"","_EventTimeRangeSeparator":"","_EventOrganizerID":[],"_EventVenueID":[],"_OrganizerEmail":"","_OrganizerPhone":"","_OrganizerWebsite":"","_VenueAddress":"","_VenueCity":"","_VenueCountry":"","_VenueProvince":"","_VenueState":"","_VenueZip":"","_VenuePhone":"","_VenueURL":"","_VenueStateProvince":"","_VenueLat":"","_VenueLng":"","_VenueShowMap":false,"_VenueShowMapLink":false,"footnotes":""},"class_list":["post-1463","page","type-page","status-publish"],"_links":{"self":[{"href":"http:\/\/fwg-woellstadt.de\/index.php\/wp-json\/wp\/v2\/pages\/1463","targetHints":{"allow":["GET"]}}],"collection":[{"href":"http:\/\/fwg-woellstadt.de\/index.php\/wp-json\/wp\/v2\/pages"}],"about":[{"href":"http:\/\/fwg-woellstadt.de\/index.php\/wp-json\/wp\/v2\/types\/page"}],"author":[{"embeddable":true,"href":"http:\/\/fwg-woellstadt.de\/index.php\/wp-json\/wp\/v2\/users\/2"}],"replies":[{"embeddable":true,"href":"http:\/\/fwg-woellstadt.de\/index.php\/wp-json\/wp\/v2\/comments?post=1463"}],"version-history":[{"count":2,"href":"http:\/\/fwg-woellstadt.de\/index.php\/wp-json\/wp\/v2\/pages\/1463\/revisions"}],"predecessor-version":[{"id":1512,"href":"http:\/\/fwg-woellstadt.de\/index.php\/wp-json\/wp\/v2\/pages\/1463\/revisions\/1512"}],"up":[{"embeddable":true,"href":"http:\/\/fwg-woellstadt.de\/index.php\/wp-json\/wp\/v2\/pages\/1454"}],"wp:attachment":[{"href":"http:\/\/fwg-woellstadt.de\/index.php\/wp-json\/wp\/v2\/media?parent=1463"}],"curies":[{"name":"wp","href":"https:\/\/api.w.org\/{rel}","templated":true}]}}