{"id":1467,"date":"2021-02-20T23:32:46","date_gmt":"2021-02-20T22:32:46","guid":{"rendered":"http:\/\/fwg-woellstadt.de\/?page_id=1467"},"modified":"2021-02-20T23:33:03","modified_gmt":"2021-02-20T22:33:03","slug":"neues-buergerhaus-fuer-woellstadt","status":"publish","type":"page","link":"http:\/\/fwg-woellstadt.de\/index.php\/wahlprogramm-2021-fuer-woellstadt-gemeinsam\/neues-buergerhaus-fuer-woellstadt\/","title":{"rendered":"Neues B\u00fcrgerhaus f\u00fcr W\u00f6llstadt"},"content":{"rendered":"\n<p>W\u00f6llstadt braucht Begegnungsst\u00e4tten f\u00fcr Menschen und Vereine. Wir setzen uns deshalb f\u00fcr einen Neubau einer B\u00fcrgerhaus-Halle sowie f\u00fcr einen Neubau einer Sporthalle ein.<\/p>\n\n\n\n<blockquote class=\"wp-block-quote is-layout-flow wp-block-quote-is-layout-flow\"><p>80% sind f\u00fcr ein neues B\u00fcrgerhaus und 89% sind f\u00fcr eine Sporthalle<\/p><cite>bei 425 R\u00fcckmeldungen<\/cite><\/blockquote>\n\n\n\n<p>Die Gemeinde W\u00f6llstadt profitiert von dem F\u00f6rderprogramm \u201eLebendige Zentren\u201c, bei dem solche Zukunftsprojekte mit bis zu 66% bezuschusst werden. Eventuell bezahlt der Wetteraukreis noch einen Teil, falls die Sporthalle an der Schule gebaut wird.<\/p>\n\n\n\n<p>Eine Sporthalle k\u00f6nnte so von den W\u00f6llst\u00e4dter Vereinen, aber auch von der Schule und vom Kindergarten genutzt werden. Wir erhoffen uns, dass so die Vereine bestm\u00f6glich unterst\u00fctzt werden und eventuell weitere Angebote entstehen.<\/p>\n\n\n\n<p>Das aktuelle B\u00fcrgerhaus ist \u00fcber 50 Jahre alt. Wir sind der Meinung, dass W\u00f6llstadt ein modernes B\u00fcrgerhaus ben\u00f6tigt. W\u00f6llstadt w\u00e4chst und die R\u00e4umlichkeiten reichen nicht mehr aus und sind einfach zu klein. Hinzu kommt, dass aufgrund der neuen Brandschutzbestimmungen noch weniger G\u00e4ste in das jetzige B\u00fcrgerhaus d\u00fcrfen.<\/p>\n\n\n\n<div class=\"wp-block-group has-luminous-vivid-amber-to-luminous-vivid-orange-gradient-background has-background\"><div class=\"wp-block-group__inner-container is-layout-flow wp-block-group-is-layout-flow\">\n<p><strong>Konkrete Ideen<\/strong><\/p>\n\n\n\n<p>Wir schlagen daher eine reine Kulturhalle als Ersatz f\u00fcr das jetzige B\u00fcrgerhaus vor. So kann Sport und Kultur gef\u00f6rdert werden, da es nicht zu Doppelbelegungen kommt. Die FWG ist f\u00fcr die Vereine da!<\/p>\n<\/div><\/div>\n","protected":false},"excerpt":{"rendered":"<div class=\"mh-excerpt\"><p>W\u00f6llstadt braucht Begegnungsst\u00e4tten f\u00fcr Menschen und Vereine. Wir setzen uns deshalb f\u00fcr einen Neubau einer B\u00fcrgerhaus-Halle sowie f\u00fcr einen Neubau einer Sporthalle ein. 80% sind f\u00fcr ein neues B\u00fcrgerhaus und 89% sind f\u00fcr eine Sporthalle <a class=\"mh-excerpt-more\" href=\"http:\/\/fwg-woellstadt.de\/index.php\/wahlprogramm-2021-fuer-woellstadt-gemeinsam\/neues-buergerhaus-fuer-woellstadt\/\" title=\"Neues B\u00fcrgerhaus f\u00fcr W\u00f6llstadt\">[&#8230;]<\/a><\/p>\n<\/div>","protected":false},"author":2,"featured_media":0,"parent":1454,"menu_order":0,"comment_status":"closed","ping_status":"closed","template":"","meta":{"_EventAllDay":false,"_EventTimezone":"","_EventStartDate":"","_EventEndDate":"","_EventStartDateUTC":"","_EventEndDateUTC":"","_EventShowMap":false,"_EventShowMapLink":false,"_EventURL":"","_EventCost":"","_EventCostDescription":"","_EventCurrencySymbol":"","_EventCurrencyCode":"","_EventCurrencyPosition":"","_EventDateTimeSeparator":"","_EventTimeRangeSeparator":"","_EventOrganizerID":[],"_EventVenueID":[],"_OrganizerEmail":"","_OrganizerPhone":"","_OrganizerWebsite":"","_VenueAddress":"","_VenueCity":"","_VenueCountry":"","_VenueProvince":"","_VenueState":"","_VenueZip":"","_VenuePhone":"","_VenueURL":"","_VenueStateProvince":"","_VenueLat":"","_VenueLng":"","_VenueShowMap":false,"_VenueShowMapLink":false,"footnotes":""},"class_list":["post-1467","page","type-page","status-publish"],"_links":{"self":[{"href":"http:\/\/fwg-woellstadt.de\/index.php\/wp-json\/wp\/v2\/pages\/1467","targetHints":{"allow":["GET"]}}],"collection":[{"href":"http:\/\/fwg-woellstadt.de\/index.php\/wp-json\/wp\/v2\/pages"}],"about":[{"href":"http:\/\/fwg-woellstadt.de\/index.php\/wp-json\/wp\/v2\/types\/page"}],"author":[{"embeddable":true,"href":"http:\/\/fwg-woellstadt.de\/index.php\/wp-json\/wp\/v2\/users\/2"}],"replies":[{"embeddable":true,"href":"http:\/\/fwg-woellstadt.de\/index.php\/wp-json\/wp\/v2\/comments?post=1467"}],"version-history":[{"count":1,"href":"http:\/\/fwg-woellstadt.de\/index.php\/wp-json\/wp\/v2\/pages\/1467\/revisions"}],"predecessor-version":[{"id":1469,"href":"http:\/\/fwg-woellstadt.de\/index.php\/wp-json\/wp\/v2\/pages\/1467\/revisions\/1469"}],"up":[{"embeddable":true,"href":"http:\/\/fwg-woellstadt.de\/index.php\/wp-json\/wp\/v2\/pages\/1454"}],"wp:attachment":[{"href":"http:\/\/fwg-woellstadt.de\/index.php\/wp-json\/wp\/v2\/media?parent=1467"}],"curies":[{"name":"wp","href":"https:\/\/api.w.org\/{rel}","templated":true}]}}