{"id":1476,"date":"2021-02-20T23:41:01","date_gmt":"2021-02-20T22:41:01","guid":{"rendered":"http:\/\/fwg-woellstadt.de\/?page_id=1476"},"modified":"2021-02-20T23:41:01","modified_gmt":"2021-02-20T22:41:01","slug":"landwirtschaft-natur-und-freizeitnutzung","status":"publish","type":"page","link":"http:\/\/fwg-woellstadt.de\/index.php\/wahlprogramm-2021-fuer-woellstadt-gemeinsam\/landwirtschaft-natur-und-freizeitnutzung\/","title":{"rendered":"Landwirtschaft, Natur und Freizeitnutzung"},"content":{"rendered":"\n<p>W\u00f6llstadt ist landwirtschaftlich gepr\u00e4gt. Unsere Gemarkung wird \u00fcberwiegend ackerbaulich genutzt. Die FWG sch\u00e4tzt die Arbeit der W\u00f6llst\u00e4dter Landwirte. Sie produzieren hochwertige Lebensmittel, die zum Teil direkt vor Ort vermarktet werden. Bei Problemen, wie Fl\u00e4chenverbrauch durch Siedlung und Verkehr, sollte die Politik als Vermittler agieren. Die FWG sieht die anstehende Flurbereinigung als Chance f\u00fcr Landwirtschaft, Natur und Freizeitnutzung.<\/p>\n\n\n\n<div class=\"wp-block-group has-luminous-vivid-amber-to-luminous-vivid-orange-gradient-background has-background\"><div class=\"wp-block-group__inner-container is-layout-flow wp-block-group-is-layout-flow\">\n<p><strong>Konkrete Idee<\/strong><\/p>\n\n\n\n<p>Die Belange der Landwirtschaft und die Belange der Freizeit-Naturnutzenden m\u00fcssen in Zukunft besser zusammengebracht werden. Wir fordern deshalb einen Runden Tisch \u201eFeldwege\u201c, um das Wegenetz zuk\u00fcnftig in einem guten Zustand f\u00fcr die Landwirte zu halten, aber z. B. auch f\u00fcr Radfahrer zu erschlie\u00dfen.<\/p>\n<\/div><\/div>\n","protected":false},"excerpt":{"rendered":"<div class=\"mh-excerpt\"><p>W\u00f6llstadt ist landwirtschaftlich gepr\u00e4gt. Unsere Gemarkung wird \u00fcberwiegend ackerbaulich genutzt. Die FWG sch\u00e4tzt die Arbeit der W\u00f6llst\u00e4dter Landwirte. Sie produzieren hochwertige Lebensmittel, die zum Teil direkt vor Ort vermarktet werden. Bei Problemen, wie Fl\u00e4chenverbrauch durch <a class=\"mh-excerpt-more\" href=\"http:\/\/fwg-woellstadt.de\/index.php\/wahlprogramm-2021-fuer-woellstadt-gemeinsam\/landwirtschaft-natur-und-freizeitnutzung\/\" title=\"Landwirtschaft, Natur und Freizeitnutzung\">[&#8230;]<\/a><\/p>\n<\/div>","protected":false},"author":2,"featured_media":0,"parent":1454,"menu_order":0,"comment_status":"closed","ping_status":"closed","template":"","meta":{"_EventAllDay":false,"_EventTimezone":"","_EventStartDate":"","_EventEndDate":"","_EventStartDateUTC":"","_EventEndDateUTC":"","_EventShowMap":false,"_EventShowMapLink":false,"_EventURL":"","_EventCost":"","_EventCostDescription":"","_EventCurrencySymbol":"","_EventCurrencyCode":"","_EventCurrencyPosition":"","_EventDateTimeSeparator":"","_EventTimeRangeSeparator":"","_EventOrganizerID":[],"_EventVenueID":[],"_OrganizerEmail":"","_OrganizerPhone":"","_OrganizerWebsite":"","_VenueAddress":"","_VenueCity":"","_VenueCountry":"","_VenueProvince":"","_VenueState":"","_VenueZip":"","_VenuePhone":"","_VenueURL":"","_VenueStateProvince":"","_VenueLat":"","_VenueLng":"","_VenueShowMap":false,"_VenueShowMapLink":false,"footnotes":""},"class_list":["post-1476","page","type-page","status-publish"],"_links":{"self":[{"href":"http:\/\/fwg-woellstadt.de\/index.php\/wp-json\/wp\/v2\/pages\/1476","targetHints":{"allow":["GET"]}}],"collection":[{"href":"http:\/\/fwg-woellstadt.de\/index.php\/wp-json\/wp\/v2\/pages"}],"about":[{"href":"http:\/\/fwg-woellstadt.de\/index.php\/wp-json\/wp\/v2\/types\/page"}],"author":[{"embeddable":true,"href":"http:\/\/fwg-woellstadt.de\/index.php\/wp-json\/wp\/v2\/users\/2"}],"replies":[{"embeddable":true,"href":"http:\/\/fwg-woellstadt.de\/index.php\/wp-json\/wp\/v2\/comments?post=1476"}],"version-history":[{"count":1,"href":"http:\/\/fwg-woellstadt.de\/index.php\/wp-json\/wp\/v2\/pages\/1476\/revisions"}],"predecessor-version":[{"id":1477,"href":"http:\/\/fwg-woellstadt.de\/index.php\/wp-json\/wp\/v2\/pages\/1476\/revisions\/1477"}],"up":[{"embeddable":true,"href":"http:\/\/fwg-woellstadt.de\/index.php\/wp-json\/wp\/v2\/pages\/1454"}],"wp:attachment":[{"href":"http:\/\/fwg-woellstadt.de\/index.php\/wp-json\/wp\/v2\/media?parent=1476"}],"curies":[{"name":"wp","href":"https:\/\/api.w.org\/{rel}","templated":true}]}}