{"id":1487,"date":"2021-02-20T23:51:34","date_gmt":"2021-02-20T22:51:34","guid":{"rendered":"http:\/\/fwg-woellstadt.de\/?page_id=1487"},"modified":"2021-02-20T23:51:35","modified_gmt":"2021-02-20T22:51:35","slug":"naherholungsangebote-verbessern","status":"publish","type":"page","link":"http:\/\/fwg-woellstadt.de\/index.php\/wahlprogramm-2021-fuer-woellstadt-gemeinsam\/naherholungsangebote-verbessern\/","title":{"rendered":"Naherholungsangebote verbessern"},"content":{"rendered":"\n<p>Ziel der Freien W\u00e4hlergemeinschaft ist, dass alle Menschen in W\u00f6llstadt gut leben k\u00f6nnen. Insbesondere f\u00fcr Familien will die FWG die kommunalen Angebote verbessern.<\/p>\n\n\n\n<blockquote class=\"wp-block-quote is-layout-flow wp-block-quote-is-layout-flow\"><p>Die Gemeinde geht nur durchschnittlich gut auf die Bed\u00fcrfnisse von Familien ein<\/p><cite>Durchschnitt 6,05 von 10 Punkten, 156 R\u00fcckmeldungen<\/cite><\/blockquote>\n\n\n\n<div class=\"wp-block-group has-luminous-vivid-amber-to-luminous-vivid-orange-gradient-background has-background\"><div class=\"wp-block-group__inner-container is-layout-flow wp-block-group-is-layout-flow\">\n<p><strong>Konkrete Ideen<\/strong><\/p>\n\n\n\n<p>Die FWG will vorhandene Naherholungsfl\u00e4chen aufwerten und neue schaffen. Unter anderem sind die Teichanlagen in beiden Ortsteilen attraktive Naherholungsfl\u00e4chen, f\u00fcr die wir uns einsetzen wollen.<\/p>\n\n\n\n<blockquote class=\"wp-block-quote is-layout-flow wp-block-quote-is-layout-flow\"><p>B\u00fcrgerwunsch: Weitere Naherholungsfl\u00e4chen k\u00f6nnten gegen\u00fcber dem Seniorenheim oder durch die Reaktivierung des \u201eFinkenplatzes\u201c zwischen den Ortsteilen entstehen<\/p><\/blockquote>\n\n\n\n<p>Die FWG will f\u00fcr Fu\u00dfg\u00e4ngerinnen und Fu\u00dfg\u00e4nger mehr B\u00e4nke und Holzliegen bereitstellen.<\/p>\n\n\n\n<blockquote class=\"wp-block-quote is-layout-flow wp-block-quote-is-layout-flow\"><p>89% der Befragten sind f\u00fcr mehr Sitzb\u00e4nke<\/p><cite>bei 165 R\u00fcckmeldungen<\/cite><\/blockquote>\n<\/div><\/div>\n","protected":false},"excerpt":{"rendered":"<div class=\"mh-excerpt\"><p>Ziel der Freien W\u00e4hlergemeinschaft ist, dass alle Menschen in W\u00f6llstadt gut leben k\u00f6nnen. Insbesondere f\u00fcr Familien will die FWG die kommunalen Angebote verbessern. Die Gemeinde geht nur durchschnittlich gut auf die Bed\u00fcrfnisse von Familien ein <a class=\"mh-excerpt-more\" href=\"http:\/\/fwg-woellstadt.de\/index.php\/wahlprogramm-2021-fuer-woellstadt-gemeinsam\/naherholungsangebote-verbessern\/\" title=\"Naherholungsangebote verbessern\">[&#8230;]<\/a><\/p>\n<\/div>","protected":false},"author":2,"featured_media":0,"parent":1454,"menu_order":0,"comment_status":"closed","ping_status":"closed","template":"","meta":{"_EventAllDay":false,"_EventTimezone":"","_EventStartDate":"","_EventEndDate":"","_EventStartDateUTC":"","_EventEndDateUTC":"","_EventShowMap":false,"_EventShowMapLink":false,"_EventURL":"","_EventCost":"","_EventCostDescription":"","_EventCurrencySymbol":"","_EventCurrencyCode":"","_EventCurrencyPosition":"","_EventDateTimeSeparator":"","_EventTimeRangeSeparator":"","_EventOrganizerID":[],"_EventVenueID":[],"_OrganizerEmail":"","_OrganizerPhone":"","_OrganizerWebsite":"","_VenueAddress":"","_VenueCity":"","_VenueCountry":"","_VenueProvince":"","_VenueState":"","_VenueZip":"","_VenuePhone":"","_VenueURL":"","_VenueStateProvince":"","_VenueLat":"","_VenueLng":"","_VenueShowMap":false,"_VenueShowMapLink":false,"footnotes":""},"class_list":["post-1487","page","type-page","status-publish"],"_links":{"self":[{"href":"http:\/\/fwg-woellstadt.de\/index.php\/wp-json\/wp\/v2\/pages\/1487","targetHints":{"allow":["GET"]}}],"collection":[{"href":"http:\/\/fwg-woellstadt.de\/index.php\/wp-json\/wp\/v2\/pages"}],"about":[{"href":"http:\/\/fwg-woellstadt.de\/index.php\/wp-json\/wp\/v2\/types\/page"}],"author":[{"embeddable":true,"href":"http:\/\/fwg-woellstadt.de\/index.php\/wp-json\/wp\/v2\/users\/2"}],"replies":[{"embeddable":true,"href":"http:\/\/fwg-woellstadt.de\/index.php\/wp-json\/wp\/v2\/comments?post=1487"}],"version-history":[{"count":1,"href":"http:\/\/fwg-woellstadt.de\/index.php\/wp-json\/wp\/v2\/pages\/1487\/revisions"}],"predecessor-version":[{"id":1488,"href":"http:\/\/fwg-woellstadt.de\/index.php\/wp-json\/wp\/v2\/pages\/1487\/revisions\/1488"}],"up":[{"embeddable":true,"href":"http:\/\/fwg-woellstadt.de\/index.php\/wp-json\/wp\/v2\/pages\/1454"}],"wp:attachment":[{"href":"http:\/\/fwg-woellstadt.de\/index.php\/wp-json\/wp\/v2\/media?parent=1487"}],"curies":[{"name":"wp","href":"https:\/\/api.w.org\/{rel}","templated":true}]}}