{"id":1493,"date":"2021-02-20T23:59:50","date_gmt":"2021-02-20T22:59:50","guid":{"rendered":"http:\/\/fwg-woellstadt.de\/?page_id=1493"},"modified":"2021-02-20T23:59:50","modified_gmt":"2021-02-20T22:59:50","slug":"baugebiete-fuer-woellstaedter","status":"publish","type":"page","link":"http:\/\/fwg-woellstadt.de\/index.php\/wahlprogramm-2021-fuer-woellstadt-gemeinsam\/baugebiete-fuer-woellstaedter\/","title":{"rendered":"Baugebiete f\u00fcr W\u00f6llst\u00e4dter"},"content":{"rendered":"\n<p>Wichtig ist der FWG jedoch, dass Baugebiete insbesondere f\u00fcr W\u00f6llst\u00e4dterinnen und W\u00f6llst\u00e4dter ausgewiesen werden.<\/p>\n\n\n\n<div class=\"wp-block-group has-luminous-vivid-amber-to-luminous-vivid-orange-gradient-background has-background\"><div class=\"wp-block-group__inner-container is-layout-flow wp-block-group-is-layout-flow\">\n<p><strong>Konkrete Ideen<\/strong><\/p>\n\n\n\n<p>Neuer Wohnraum muss nicht ausschlie\u00dflich durch neue Baugebiete realisiert werden. Die FWG will sich daf\u00fcr einsetzen, dass die Innenentwicklung weiter gest\u00e4rkt wird. So k\u00f6nnten brachliegende Baulagen oder Baul\u00fccken zu kleinen Baugebieten werden.<\/p>\n\n\n\n<blockquote class=\"wp-block-quote is-layout-flow wp-block-quote-is-layout-flow\"><p>79% f\u00fcr St\u00e4rkung der Innenentwicklung<\/p><cite>bei 169 R\u00fcckmeldungen<\/cite><\/blockquote>\n\n\n\n<p>F\u00fcr neue Baugebiete wollen wir zuk\u00fcnftig jeweils eine kleine Freifl\u00e4che mit Aufenthaltsqualit\u00e4t f\u00fcr s\u00e4mtliche Bewohnerinnen und Bewohner einplanen. Diese Fl\u00e4che soll nicht nur der gemeinsamen Nutzung, sondern auch dem Klimaschutz dienen.<\/p>\n<\/div><\/div>\n","protected":false},"excerpt":{"rendered":"<div class=\"mh-excerpt\"><p>Wichtig ist der FWG jedoch, dass Baugebiete insbesondere f\u00fcr W\u00f6llst\u00e4dterinnen und W\u00f6llst\u00e4dter ausgewiesen werden. Konkrete Ideen Neuer Wohnraum muss nicht ausschlie\u00dflich durch neue Baugebiete realisiert werden. Die FWG will sich daf\u00fcr einsetzen, dass die Innenentwicklung <a class=\"mh-excerpt-more\" href=\"http:\/\/fwg-woellstadt.de\/index.php\/wahlprogramm-2021-fuer-woellstadt-gemeinsam\/baugebiete-fuer-woellstaedter\/\" title=\"Baugebiete f\u00fcr W\u00f6llst\u00e4dter\">[&#8230;]<\/a><\/p>\n<\/div>","protected":false},"author":2,"featured_media":0,"parent":1454,"menu_order":0,"comment_status":"closed","ping_status":"closed","template":"","meta":{"_EventAllDay":false,"_EventTimezone":"","_EventStartDate":"","_EventEndDate":"","_EventStartDateUTC":"","_EventEndDateUTC":"","_EventShowMap":false,"_EventShowMapLink":false,"_EventURL":"","_EventCost":"","_EventCostDescription":"","_EventCurrencySymbol":"","_EventCurrencyCode":"","_EventCurrencyPosition":"","_EventDateTimeSeparator":"","_EventTimeRangeSeparator":"","_EventOrganizerID":[],"_EventVenueID":[],"_OrganizerEmail":"","_OrganizerPhone":"","_OrganizerWebsite":"","_VenueAddress":"","_VenueCity":"","_VenueCountry":"","_VenueProvince":"","_VenueState":"","_VenueZip":"","_VenuePhone":"","_VenueURL":"","_VenueStateProvince":"","_VenueLat":"","_VenueLng":"","_VenueShowMap":false,"_VenueShowMapLink":false,"footnotes":""},"class_list":["post-1493","page","type-page","status-publish"],"_links":{"self":[{"href":"http:\/\/fwg-woellstadt.de\/index.php\/wp-json\/wp\/v2\/pages\/1493","targetHints":{"allow":["GET"]}}],"collection":[{"href":"http:\/\/fwg-woellstadt.de\/index.php\/wp-json\/wp\/v2\/pages"}],"about":[{"href":"http:\/\/fwg-woellstadt.de\/index.php\/wp-json\/wp\/v2\/types\/page"}],"author":[{"embeddable":true,"href":"http:\/\/fwg-woellstadt.de\/index.php\/wp-json\/wp\/v2\/users\/2"}],"replies":[{"embeddable":true,"href":"http:\/\/fwg-woellstadt.de\/index.php\/wp-json\/wp\/v2\/comments?post=1493"}],"version-history":[{"count":1,"href":"http:\/\/fwg-woellstadt.de\/index.php\/wp-json\/wp\/v2\/pages\/1493\/revisions"}],"predecessor-version":[{"id":1494,"href":"http:\/\/fwg-woellstadt.de\/index.php\/wp-json\/wp\/v2\/pages\/1493\/revisions\/1494"}],"up":[{"embeddable":true,"href":"http:\/\/fwg-woellstadt.de\/index.php\/wp-json\/wp\/v2\/pages\/1454"}],"wp:attachment":[{"href":"http:\/\/fwg-woellstadt.de\/index.php\/wp-json\/wp\/v2\/media?parent=1493"}],"curies":[{"name":"wp","href":"https:\/\/api.w.org\/{rel}","templated":true}]}}