{"id":1495,"date":"2021-02-21T00:01:41","date_gmt":"2021-02-20T23:01:41","guid":{"rendered":"http:\/\/fwg-woellstadt.de\/?page_id=1495"},"modified":"2021-02-21T00:01:41","modified_gmt":"2021-02-20T23:01:41","slug":"bezahlbarer-wohnraum","status":"publish","type":"page","link":"http:\/\/fwg-woellstadt.de\/index.php\/wahlprogramm-2021-fuer-woellstadt-gemeinsam\/bezahlbarer-wohnraum\/","title":{"rendered":"Bezahlbarer Wohnraum"},"content":{"rendered":"\n<p>Eins der gr\u00f6\u00dften Probleme im Ballungsraum Frankfurt ist, dass Menschen trotz Vollzeitt\u00e4tigkeit sich Wohnungen nicht mehr leisten k\u00f6nnen.<\/p>\n\n\n\n<div class=\"wp-block-group has-luminous-vivid-amber-to-luminous-vivid-orange-gradient-background has-background\"><div class=\"wp-block-group__inner-container is-layout-flow wp-block-group-is-layout-flow\">\n<p><strong>Konkrete Idee<\/strong><\/p>\n\n\n\n<p>Die FWG schl\u00e4gt deshalb vor, dass Wohnraum zusammen mit einer Genossenschaft geschaffen wird. Ziel einer Genossenschaft w\u00e4re es, preiswerten Wohnraum f\u00fcr Menschen zu schaffen und nicht m\u00f6glichst hohe Renditen zu erzielen.<\/p>\n\n\n\n<blockquote class=\"wp-block-quote is-layout-flow wp-block-quote-is-layout-flow\"><p>84% sind f\u00fcr mehr bezahlbaren Wohnraum<\/p><cite>bei 160 R\u00fcckmeldungen<\/cite><\/blockquote>\n<\/div><\/div>\n","protected":false},"excerpt":{"rendered":"<div class=\"mh-excerpt\"><p>Eins der gr\u00f6\u00dften Probleme im Ballungsraum Frankfurt ist, dass Menschen trotz Vollzeitt\u00e4tigkeit sich Wohnungen nicht mehr leisten k\u00f6nnen. Konkrete Idee Die FWG schl\u00e4gt deshalb vor, dass Wohnraum zusammen mit einer Genossenschaft geschaffen wird. Ziel einer <a class=\"mh-excerpt-more\" href=\"http:\/\/fwg-woellstadt.de\/index.php\/wahlprogramm-2021-fuer-woellstadt-gemeinsam\/bezahlbarer-wohnraum\/\" title=\"Bezahlbarer Wohnraum\">[&#8230;]<\/a><\/p>\n<\/div>","protected":false},"author":2,"featured_media":0,"parent":1454,"menu_order":0,"comment_status":"closed","ping_status":"closed","template":"","meta":{"_EventAllDay":false,"_EventTimezone":"","_EventStartDate":"","_EventEndDate":"","_EventStartDateUTC":"","_EventEndDateUTC":"","_EventShowMap":false,"_EventShowMapLink":false,"_EventURL":"","_EventCost":"","_EventCostDescription":"","_EventCurrencySymbol":"","_EventCurrencyCode":"","_EventCurrencyPosition":"","_EventDateTimeSeparator":"","_EventTimeRangeSeparator":"","_EventOrganizerID":[],"_EventVenueID":[],"_OrganizerEmail":"","_OrganizerPhone":"","_OrganizerWebsite":"","_VenueAddress":"","_VenueCity":"","_VenueCountry":"","_VenueProvince":"","_VenueState":"","_VenueZip":"","_VenuePhone":"","_VenueURL":"","_VenueStateProvince":"","_VenueLat":"","_VenueLng":"","_VenueShowMap":false,"_VenueShowMapLink":false,"footnotes":""},"class_list":["post-1495","page","type-page","status-publish"],"_links":{"self":[{"href":"http:\/\/fwg-woellstadt.de\/index.php\/wp-json\/wp\/v2\/pages\/1495","targetHints":{"allow":["GET"]}}],"collection":[{"href":"http:\/\/fwg-woellstadt.de\/index.php\/wp-json\/wp\/v2\/pages"}],"about":[{"href":"http:\/\/fwg-woellstadt.de\/index.php\/wp-json\/wp\/v2\/types\/page"}],"author":[{"embeddable":true,"href":"http:\/\/fwg-woellstadt.de\/index.php\/wp-json\/wp\/v2\/users\/2"}],"replies":[{"embeddable":true,"href":"http:\/\/fwg-woellstadt.de\/index.php\/wp-json\/wp\/v2\/comments?post=1495"}],"version-history":[{"count":1,"href":"http:\/\/fwg-woellstadt.de\/index.php\/wp-json\/wp\/v2\/pages\/1495\/revisions"}],"predecessor-version":[{"id":1496,"href":"http:\/\/fwg-woellstadt.de\/index.php\/wp-json\/wp\/v2\/pages\/1495\/revisions\/1496"}],"up":[{"embeddable":true,"href":"http:\/\/fwg-woellstadt.de\/index.php\/wp-json\/wp\/v2\/pages\/1454"}],"wp:attachment":[{"href":"http:\/\/fwg-woellstadt.de\/index.php\/wp-json\/wp\/v2\/media?parent=1495"}],"curies":[{"name":"wp","href":"https:\/\/api.w.org\/{rel}","templated":true}]}}