{"id":1501,"date":"2021-02-21T00:07:49","date_gmt":"2021-02-20T23:07:49","guid":{"rendered":"http:\/\/fwg-woellstadt.de\/?page_id=1501"},"modified":"2021-02-21T00:07:50","modified_gmt":"2021-02-20T23:07:50","slug":"mehr-verkehrssicherheit-in-beiden-ortsteilen","status":"publish","type":"page","link":"http:\/\/fwg-woellstadt.de\/index.php\/wahlprogramm-2021-fuer-woellstadt-gemeinsam\/mehr-verkehrssicherheit-in-beiden-ortsteilen\/","title":{"rendered":"Mehr Verkehrssicherheit in beiden Ortsteilen"},"content":{"rendered":"\n<p>Die FWG hat sich mit vielen Antr\u00e4gen f\u00fcr die Verkehrsberuhigung in beiden Ortsteilen eingesetzt (u.a. Verkehrsinsel, Ampelschaltung, Parkpl\u00e4tze). Viele Ideen sind bereits umgesetzt bzw. flie\u00dfen in das Verkehrskonzept der Gemeinde ein.<\/p>\n\n\n\n<p>Trotzdem muss noch mehr f\u00fcr die Verkehrssicherheit in W\u00f6llstadt gemacht werden. Deshalb ist das Thema Verkehrssicherheit eines der zentralen Wahlversprechen der FWG. Wir wollen Sie, ihre Kinder und Enkelkinder noch besser sch\u00fctzen.<\/p>\n\n\n\n<blockquote class=\"wp-block-quote is-layout-flow wp-block-quote-is-layout-flow\"><p>73% finden der Verkehr in Ober-W\u00f6llstadt ist nicht ausreichend zur\u00fcckgegangen<\/p><cite>bei 243 R\u00fcckmeldungen<\/cite><\/blockquote>\n\n\n\n<p>Die Umgehungsstra\u00dfe hat zwar dazu gef\u00fchrt, dass die Anzahl der Fahrzeuge weniger geworden ist, daf\u00fcr wird jetzt jedoch deutlich schneller gefahren.<\/p>\n\n\n\n<blockquote class=\"wp-block-quote is-layout-flow wp-block-quote-is-layout-flow\"><p>68% sehen dies auch als Problem<\/p><cite>bei 243 R\u00fcckmeldungen<\/cite><\/blockquote>\n\n\n\n<div class=\"wp-block-group has-luminous-vivid-amber-to-luminous-vivid-orange-gradient-background has-background\"><div class=\"wp-block-group__inner-container is-layout-flow wp-block-group-is-layout-flow\">\n<p><strong>Konkrete Ideen<\/strong><\/p>\n\n\n\n<p>Die Freie W\u00e4hler Gemeinschaft setzt sich daf\u00fcr ein, dass die Verkehrssicherheit auf der Hanauer Stra\u00dfe verbessert wird.&nbsp; Wir wollen, dass das LKW-Fahrverbot mehr kontrolliert wird. Au\u00dferdem soll Tempo 30 und rechts-vor-links gepr\u00fcft werden.<\/p>\n\n\n\n<p>Wir wollen ein LKW-Fahrverbot f\u00fcr Nieder-W\u00f6llstadt.<\/p>\n\n\n\n<blockquote class=\"wp-block-quote is-layout-flow wp-block-quote-is-layout-flow\"><p>72% der Befragten wollen mehr Verkehrssicherheit auf der Frankfurter Stra\u00dfe<\/p><cite>bei 255 R\u00fcckmeldungen<\/cite><\/blockquote>\n\n\n\n<p>Die Gefahrenstellen f\u00fcr Fu\u00dfg\u00e4nger m\u00fcssen dringend reduziert werden.<\/p>\n<\/div><\/div>\n","protected":false},"excerpt":{"rendered":"<div class=\"mh-excerpt\"><p>Die FWG hat sich mit vielen Antr\u00e4gen f\u00fcr die Verkehrsberuhigung in beiden Ortsteilen eingesetzt (u.a. Verkehrsinsel, Ampelschaltung, Parkpl\u00e4tze). Viele Ideen sind bereits umgesetzt bzw. flie\u00dfen in das Verkehrskonzept der Gemeinde ein. Trotzdem muss noch mehr <a class=\"mh-excerpt-more\" href=\"http:\/\/fwg-woellstadt.de\/index.php\/wahlprogramm-2021-fuer-woellstadt-gemeinsam\/mehr-verkehrssicherheit-in-beiden-ortsteilen\/\" title=\"Mehr Verkehrssicherheit in beiden Ortsteilen\">[&#8230;]<\/a><\/p>\n<\/div>","protected":false},"author":2,"featured_media":0,"parent":1454,"menu_order":0,"comment_status":"closed","ping_status":"closed","template":"","meta":{"_EventAllDay":false,"_EventTimezone":"","_EventStartDate":"","_EventEndDate":"","_EventStartDateUTC":"","_EventEndDateUTC":"","_EventShowMap":false,"_EventShowMapLink":false,"_EventURL":"","_EventCost":"","_EventCostDescription":"","_EventCurrencySymbol":"","_EventCurrencyCode":"","_EventCurrencyPosition":"","_EventDateTimeSeparator":"","_EventTimeRangeSeparator":"","_EventOrganizerID":[],"_EventVenueID":[],"_OrganizerEmail":"","_OrganizerPhone":"","_OrganizerWebsite":"","_VenueAddress":"","_VenueCity":"","_VenueCountry":"","_VenueProvince":"","_VenueState":"","_VenueZip":"","_VenuePhone":"","_VenueURL":"","_VenueStateProvince":"","_VenueLat":"","_VenueLng":"","_VenueShowMap":false,"_VenueShowMapLink":false,"footnotes":""},"class_list":["post-1501","page","type-page","status-publish"],"_links":{"self":[{"href":"http:\/\/fwg-woellstadt.de\/index.php\/wp-json\/wp\/v2\/pages\/1501","targetHints":{"allow":["GET"]}}],"collection":[{"href":"http:\/\/fwg-woellstadt.de\/index.php\/wp-json\/wp\/v2\/pages"}],"about":[{"href":"http:\/\/fwg-woellstadt.de\/index.php\/wp-json\/wp\/v2\/types\/page"}],"author":[{"embeddable":true,"href":"http:\/\/fwg-woellstadt.de\/index.php\/wp-json\/wp\/v2\/users\/2"}],"replies":[{"embeddable":true,"href":"http:\/\/fwg-woellstadt.de\/index.php\/wp-json\/wp\/v2\/comments?post=1501"}],"version-history":[{"count":1,"href":"http:\/\/fwg-woellstadt.de\/index.php\/wp-json\/wp\/v2\/pages\/1501\/revisions"}],"predecessor-version":[{"id":1502,"href":"http:\/\/fwg-woellstadt.de\/index.php\/wp-json\/wp\/v2\/pages\/1501\/revisions\/1502"}],"up":[{"embeddable":true,"href":"http:\/\/fwg-woellstadt.de\/index.php\/wp-json\/wp\/v2\/pages\/1454"}],"wp:attachment":[{"href":"http:\/\/fwg-woellstadt.de\/index.php\/wp-json\/wp\/v2\/media?parent=1501"}],"curies":[{"name":"wp","href":"https:\/\/api.w.org\/{rel}","templated":true}]}}