{"id":1505,"date":"2021-02-21T00:11:57","date_gmt":"2021-02-20T23:11:57","guid":{"rendered":"http:\/\/fwg-woellstadt.de\/?page_id=1505"},"modified":"2021-02-21T00:11:58","modified_gmt":"2021-02-20T23:11:58","slug":"mehr-fahrradwege-in-und-um-woellstadt","status":"publish","type":"page","link":"http:\/\/fwg-woellstadt.de\/index.php\/wahlprogramm-2021-fuer-woellstadt-gemeinsam\/mehr-fahrradwege-in-und-um-woellstadt\/","title":{"rendered":"Mehr Fahrradwege in und um W\u00f6llstadt"},"content":{"rendered":"\n<p>F\u00fcr viele W\u00f6llst\u00e4dterinnen und W\u00f6llst\u00e4dter hat Radfahren eine hohe Wichtigkeit.<\/p>\n\n\n\n<div class=\"wp-block-group has-luminous-vivid-amber-to-luminous-vivid-orange-gradient-background has-background\"><div class=\"wp-block-group__inner-container is-layout-flow wp-block-group-is-layout-flow\">\n<p><strong>Konkrete Ideen<\/strong><\/p>\n\n\n\n<p>Mehr Abstellpl\u00e4tze f\u00fcr Fahrr\u00e4der an zentralen Stellen.<\/p>\n\n\n\n<p>Die FWG setzt sich f\u00fcr die Aufwertung und den Ausbau von neuen Fahrradwegen u.a. nach Bruchenbr\u00fccken und Rodheim ein. Hierzu sind F\u00f6rderprogramme zu pr\u00fcfen.<\/p>\n<\/div><\/div>\n","protected":false},"excerpt":{"rendered":"<div class=\"mh-excerpt\"><p>F\u00fcr viele W\u00f6llst\u00e4dterinnen und W\u00f6llst\u00e4dter hat Radfahren eine hohe Wichtigkeit. Konkrete Ideen Mehr Abstellpl\u00e4tze f\u00fcr Fahrr\u00e4der an zentralen Stellen. Die FWG setzt sich f\u00fcr die Aufwertung und den Ausbau von neuen Fahrradwegen u.a. nach Bruchenbr\u00fccken <a class=\"mh-excerpt-more\" href=\"http:\/\/fwg-woellstadt.de\/index.php\/wahlprogramm-2021-fuer-woellstadt-gemeinsam\/mehr-fahrradwege-in-und-um-woellstadt\/\" title=\"Mehr Fahrradwege in und um W\u00f6llstadt\">[&#8230;]<\/a><\/p>\n<\/div>","protected":false},"author":2,"featured_media":0,"parent":1454,"menu_order":0,"comment_status":"closed","ping_status":"closed","template":"","meta":{"_EventAllDay":false,"_EventTimezone":"","_EventStartDate":"","_EventEndDate":"","_EventStartDateUTC":"","_EventEndDateUTC":"","_EventShowMap":false,"_EventShowMapLink":false,"_EventURL":"","_EventCost":"","_EventCostDescription":"","_EventCurrencySymbol":"","_EventCurrencyCode":"","_EventCurrencyPosition":"","_EventDateTimeSeparator":"","_EventTimeRangeSeparator":"","_EventOrganizerID":[],"_EventVenueID":[],"_OrganizerEmail":"","_OrganizerPhone":"","_OrganizerWebsite":"","_VenueAddress":"","_VenueCity":"","_VenueCountry":"","_VenueProvince":"","_VenueState":"","_VenueZip":"","_VenuePhone":"","_VenueURL":"","_VenueStateProvince":"","_VenueLat":"","_VenueLng":"","_VenueShowMap":false,"_VenueShowMapLink":false,"footnotes":""},"class_list":["post-1505","page","type-page","status-publish"],"_links":{"self":[{"href":"http:\/\/fwg-woellstadt.de\/index.php\/wp-json\/wp\/v2\/pages\/1505","targetHints":{"allow":["GET"]}}],"collection":[{"href":"http:\/\/fwg-woellstadt.de\/index.php\/wp-json\/wp\/v2\/pages"}],"about":[{"href":"http:\/\/fwg-woellstadt.de\/index.php\/wp-json\/wp\/v2\/types\/page"}],"author":[{"embeddable":true,"href":"http:\/\/fwg-woellstadt.de\/index.php\/wp-json\/wp\/v2\/users\/2"}],"replies":[{"embeddable":true,"href":"http:\/\/fwg-woellstadt.de\/index.php\/wp-json\/wp\/v2\/comments?post=1505"}],"version-history":[{"count":1,"href":"http:\/\/fwg-woellstadt.de\/index.php\/wp-json\/wp\/v2\/pages\/1505\/revisions"}],"predecessor-version":[{"id":1506,"href":"http:\/\/fwg-woellstadt.de\/index.php\/wp-json\/wp\/v2\/pages\/1505\/revisions\/1506"}],"up":[{"embeddable":true,"href":"http:\/\/fwg-woellstadt.de\/index.php\/wp-json\/wp\/v2\/pages\/1454"}],"wp:attachment":[{"href":"http:\/\/fwg-woellstadt.de\/index.php\/wp-json\/wp\/v2\/media?parent=1505"}],"curies":[{"name":"wp","href":"https:\/\/api.w.org\/{rel}","templated":true}]}}