{"id":1509,"date":"2021-02-21T00:15:55","date_gmt":"2021-02-20T23:15:55","guid":{"rendered":"http:\/\/fwg-woellstadt.de\/?page_id=1509"},"modified":"2021-02-21T00:15:55","modified_gmt":"2021-02-20T23:15:55","slug":"solide-finanzen","status":"publish","type":"page","link":"http:\/\/fwg-woellstadt.de\/index.php\/wahlprogramm-2021-fuer-woellstadt-gemeinsam\/solide-finanzen\/","title":{"rendered":"Solide Finanzen"},"content":{"rendered":"\n<p>Die FWG steht, gerade auch was die finanzielle Ausstattung der Gemeinde betrifft, f\u00fcr Nachhaltigkeit. Solide Finanzen bedeuten f\u00fcr uns verantwortungsvolles und zukunftsorientiertes Handeln.<\/p>\n\n\n\n<div class=\"wp-block-group has-luminous-vivid-amber-to-luminous-vivid-orange-gradient-background has-background\"><div class=\"wp-block-group__inner-container is-layout-flow wp-block-group-is-layout-flow\">\n<p><strong>Konkrete Ideen<\/strong><\/p>\n\n\n\n<p>Wir wollen W\u00f6llstadt sicher durch die Corona-Pandemie f\u00fchren und den Haushalt weiter stabil halten, jedoch auch daf\u00fcr sorgen, dass es zu keinem Investitionsstau kommt.<\/p>\n\n\n\n<p>Keine weiteren Belastungen (Grundsteuer, Geb\u00fchren).<\/p>\n\n\n\n<p>Die FWG wird sich weiter daf\u00fcr einsetzen, dass die Stra\u00dfenbaubeitr\u00e4ge abgeschafft werden.<\/p>\n<\/div><\/div>\n","protected":false},"excerpt":{"rendered":"<div class=\"mh-excerpt\"><p>Die FWG steht, gerade auch was die finanzielle Ausstattung der Gemeinde betrifft, f\u00fcr Nachhaltigkeit. Solide Finanzen bedeuten f\u00fcr uns verantwortungsvolles und zukunftsorientiertes Handeln. Konkrete Ideen Wir wollen W\u00f6llstadt sicher durch die Corona-Pandemie f\u00fchren und den <a class=\"mh-excerpt-more\" href=\"http:\/\/fwg-woellstadt.de\/index.php\/wahlprogramm-2021-fuer-woellstadt-gemeinsam\/solide-finanzen\/\" title=\"Solide Finanzen\">[&#8230;]<\/a><\/p>\n<\/div>","protected":false},"author":2,"featured_media":0,"parent":1454,"menu_order":0,"comment_status":"closed","ping_status":"closed","template":"","meta":{"_EventAllDay":false,"_EventTimezone":"","_EventStartDate":"","_EventEndDate":"","_EventStartDateUTC":"","_EventEndDateUTC":"","_EventShowMap":false,"_EventShowMapLink":false,"_EventURL":"","_EventCost":"","_EventCostDescription":"","_EventCurrencySymbol":"","_EventCurrencyCode":"","_EventCurrencyPosition":"","_EventDateTimeSeparator":"","_EventTimeRangeSeparator":"","_EventOrganizerID":[],"_EventVenueID":[],"_OrganizerEmail":"","_OrganizerPhone":"","_OrganizerWebsite":"","_VenueAddress":"","_VenueCity":"","_VenueCountry":"","_VenueProvince":"","_VenueState":"","_VenueZip":"","_VenuePhone":"","_VenueURL":"","_VenueStateProvince":"","_VenueLat":"","_VenueLng":"","_VenueShowMap":false,"_VenueShowMapLink":false,"footnotes":""},"class_list":["post-1509","page","type-page","status-publish"],"_links":{"self":[{"href":"http:\/\/fwg-woellstadt.de\/index.php\/wp-json\/wp\/v2\/pages\/1509","targetHints":{"allow":["GET"]}}],"collection":[{"href":"http:\/\/fwg-woellstadt.de\/index.php\/wp-json\/wp\/v2\/pages"}],"about":[{"href":"http:\/\/fwg-woellstadt.de\/index.php\/wp-json\/wp\/v2\/types\/page"}],"author":[{"embeddable":true,"href":"http:\/\/fwg-woellstadt.de\/index.php\/wp-json\/wp\/v2\/users\/2"}],"replies":[{"embeddable":true,"href":"http:\/\/fwg-woellstadt.de\/index.php\/wp-json\/wp\/v2\/comments?post=1509"}],"version-history":[{"count":1,"href":"http:\/\/fwg-woellstadt.de\/index.php\/wp-json\/wp\/v2\/pages\/1509\/revisions"}],"predecessor-version":[{"id":1510,"href":"http:\/\/fwg-woellstadt.de\/index.php\/wp-json\/wp\/v2\/pages\/1509\/revisions\/1510"}],"up":[{"embeddable":true,"href":"http:\/\/fwg-woellstadt.de\/index.php\/wp-json\/wp\/v2\/pages\/1454"}],"wp:attachment":[{"href":"http:\/\/fwg-woellstadt.de\/index.php\/wp-json\/wp\/v2\/media?parent=1509"}],"curies":[{"name":"wp","href":"https:\/\/api.w.org\/{rel}","templated":true}]}}