{"id":18,"date":"2017-03-09T22:19:56","date_gmt":"2017-03-09T21:19:56","guid":{"rendered":"http:\/\/fwg-woellstadt.de\/?page_id=18"},"modified":"2025-03-24T20:44:31","modified_gmt":"2025-03-24T19:44:31","slug":"fwg-fraktion","status":"publish","type":"page","link":"http:\/\/fwg-woellstadt.de\/index.php\/fwg-fraktion\/","title":{"rendered":"FWG-Fraktion"},"content":{"rendered":"\n<p><em>Unsere Aktiven in der Gemeindevertretung und in dem Gemeindevorstand von W\u00f6llstadt.<\/em><\/p>\n\n\n\n<p>Nachdem wir wieder erhebliche Stimmengewinne bei der Kommunalwahl 2021 erhalten haben, hat sich die Situation in der Gemeindevertretung gravierend ver\u00e4ndert. Wir haben nach dieser Wahl unser Ergebnis nochmal verbessern k\u00f6nnen und sind jetzt mit 15 Sitzen in diesem Gremium vertreten. Mit&nbsp; 48,61 % scheiterten wir nur knapp an der absoluten Mehrheit. Wir haben nicht vergessen, dass die FWG 2006 nur 5 Sitze hatte und davor nur 3. Dass wir das sensationelle Ergebnis aus 2016 nochmal steigern konnten, freut uns sehr.<\/p>\n\n\n\n<p>Auch \u00fcber die Wahlbeteiligung, die wieder mit 60,36 % relativ hoch lag,haben wir uns sehr gefreut. Es beweist, dass wir die W\u00f6llst\u00e4dterinnen und W\u00f6llst\u00e4dter mit unseren Themen mobilisieren konnten.<\/p>\n\n\n\n<h2 class=\"wp-block-heading\">Die FWG W\u00f6llstadt steht insbesondere f\u00fcr:<\/h2>\n\n\n\n<ul class=\"wp-block-list\">\n<li>Sachlichkeit und Pragmatismus<\/li>\n\n\n\n<li>Freie W\u00e4hler entscheiden nicht nach Parteiideologien und Parteidogmen<\/li>\n\n\n\n<li>Politik vom B\u00fcrger aus, zum gr\u00f6\u00dftm\u00f6glichen Wohl der Gemeinschaft<\/li>\n\n\n\n<li>Freie W\u00e4hler sind W\u00f6llst\u00e4dter<\/li>\n\n\n\n<li>eine sparsame Haushaltsf\u00fchrung und einen bewussten Umgang mit den Steuern der B\u00fcrger<\/li>\n\n\n\n<li>Nachhaltigkeit, sodass auch die W\u00f6llst\u00e4dter Kinder und Jugendlichen in ihrer Gemeinde alt werden k\u00f6nnen<\/li>\n\n\n\n<li>Politik mit Augenma\u00df<\/li>\n<\/ul>\n\n\n\n<p><b><span style=\"font-size: 200%;\">Die FWG-Fraktion<\/span><\/b><br><i>Politik von W\u00f6llst\u00e4dtern f\u00fcr W\u00f6llst\u00e4dter!<\/i><\/p>\n\n\n\n<p><style type=\"text\/css\"><!--\n.tftable {font-size:12px;color:#000000;width:60%;border-width: 0px;border-color: #000000;border-collapse: collapse;} .tftable th {font-size:12px;background-color:#FD6801;border-width: 0px;padding: 8px;border-style: solid;border-color: #729ea5;text-align:left; vertical-align:middle;} .tftable tr {background-color:#d4e3e5;} .tftable td {font-size:12px;border-width: 0px;padding: 8px;border-style: solid;border-color: #000000;}\n--><\/style><\/p>\n\n\n\n<table class=\"tftable\" border=\"1\">\n<tbody>\n<tr>\n<th width=\"15%\">Name:<\/th>\n<th><span style=\"font-size: 120%;\">J\u00fcrgen Ristau<\/span><\/th>\n<th rowspan=\"4\" width=\"30%\"><img loading=\"lazy\" decoding=\"async\" class=\"alignnone wp-image-585 size-full\" src=\"http:\/\/fwg-woellstadt.de\/wp-content\/uploads\/2021\/02\/13-Ristau-scaled-e1693555666352-269x300.jpg\" alt=\"\" width=\"269\" height=\"300\" \/><\/th>\n<\/tr>\n<tr>\n<td>Funktionen:<\/td>\n<td>Gemeindevertreter<br><strong>Vorsitzender der Gemeindevertretung<\/strong><\/td>\n<\/tr>\n<tr>\n<td>Beruf:<\/td>\n<td>Gesch\u00e4ftsf\u00fchrer Druckerei<\/td>\n<\/tr>\n<tr>\n<td>Hobbys:<\/td>\n<td>Radfahren, Wandern, Modellbau<\/td>\n<\/tr>\n<\/tbody>\n<\/table>\n\n\n\n<div class=\"wp-block-group\"><div class=\"wp-block-group__inner-container is-layout-constrained wp-block-group-is-layout-constrained\">\n<table class=\"tftable\" border=\"1\">\n<tbody>\n<tr>\n<th width=\"15%\">Name:<\/th>\n<th><span style=\"font-size: 120%;\">Bianca Best<\/span><\/th>\n<th rowspan=\"4\" width=\"30%\"><img loading=\"lazy\" decoding=\"async\" class=\"alignnone wp-image-585 size-full\" src=\"http:\/\/www.fwg-woellstadt.de\/wp-content\/uploads\/Bilder\/K\u00fcck.png\" alt=\"\" width=\"300\" height=\"450\" \/><\/th>\n<\/tr>\n<tr>\n<td>Funktionen:<\/td>\n<td>Gemeindevertreterin<br><strong>Fraktionsvorsitzende<\/strong><\/td>\n<\/tr>\n<tr>\n<td>Beruf:<\/td>\n<td>Gepr. Management Assistentin<\/td>\n<\/tr>\n<tr>\n<td>Hobbys:<\/td>\n<td>Farrad fahren, unser Hund, lesen<\/td>\n<\/tr>\n<\/tbody>\n<\/table>\n<\/div><\/div>\n\n\n\n<table class=\"tftable\" border=\"1\">\n<tbody>\n<tr>\n<th width=\"15%\">Name:<\/th>\n<th><span style=\"font-size: 120%;\">Gerhard Schlautek<\/span><\/th>\n<th rowspan=\"4\" width=\"30%\"><img loading=\"lazy\" decoding=\"async\" class=\"alignnone wp-image-585 size-full\" src=\"http:\/\/www.fwg-woellstadt.de\/wp-content\/uploads\/Bilder\/Schlautek.png\" alt=\"\" width=\"300\" height=\"450\" \/><\/th>\n<\/tr>\n<tr>\n<td>Funktionen:<\/td>\n<td>Gemeindevertreter<br><strong>Fraktionsvorsitzender<\/strong><br><strong>Vorsitzender Haupt- und Finanzausschuss<\/strong><\/td>\n<\/tr>\n<tr>\n<td>Beruf:<\/td>\n<td>Fachlehrer in Pension<\/td>\n<\/tr>\n<tr>\n<td>Hobbys:<\/td>\n<td>Jugendleiter im Sportverein,<br>Jugendspielgemeinschaft<\/td>\n<\/tr>\n<\/tbody>\n<\/table>\n\n\n\n<table class=\"tftable\" border=\"1\">\n<tbody>\n<tr>\n<th width=\"15%\">Name:<\/th>\n<th><span style=\"font-size: 120%;\">Cornelia Ihl-Wagner<\/span><\/th>\n<th rowspan=\"4\" width=\"30%\"><img loading=\"lazy\" decoding=\"async\" class=\"alignnone wp-image-585 size-full\" src=\"http:\/\/www.fwg-woellstadt.de\/wp-content\/uploads\/Bilder\/Ihl-Wagner.png\" alt=\"\" width=\"300\" height=\"450\" \/><\/th>\n<\/tr>\n<tr>\n<td>Funktionen:<\/td>\n<td>Gemeindevertreterin<br><strong>stellvertretende Fraktionsvorsitzende<\/strong><\/td>\n<\/tr>\n<tr>\n<td>Beruf:<\/td>\n<td>selbstst\u00e4ndig<\/td>\n<\/tr>\n<tr>\n<td>Hobbys:<\/td>\n<td>lesen, wandern<\/td>\n<\/tr>\n<\/tbody>\n<\/table>\n\n\n\n<table class=\"tftable\" border=\"1\">\n<tbody>\n<tr>\n<th width=\"15%\">Name:<\/th>\n<th><span style=\"font-size: 120%;\">Udo Sch\u00e4fer<\/span><\/th>\n<th rowspan=\"4\" width=\"30%\"><img loading=\"lazy\" decoding=\"async\" class=\"alignnone wp-image-585 size-full\" src=\"http:\/\/www.fwg-woellstadt.de\/wp-content\/uploads\/Bilder\/Sch\u00e4fer.png\" alt=\"\" width=\"300\" height=\"450\" \/><\/th>\n<\/tr>\n<tr>\n<td>Funktionen:<\/td>\n<td>Gemeindevertreter<br><strong>stellvertretender Fraktionsvorsitzender<\/strong><\/td>\n<\/tr>\n<tr>\n<td>Beruf:<\/td>\n<td>Schlossermeister<\/td>\n<\/tr>\n<tr>\n<td>Hobbys:<\/td>\n<td>Motorrad, Ski, Fu\u00dfball, Tennis<\/td>\n<\/tr>\n<\/tbody>\n<\/table>\n\n\n\n<table class=\"tftable\" border=\"1\">\n<tbody>\n<tr>\n<th width=\"15%\">Name:<\/th>\n<th><span style=\"font-size: 120%;\">Maximilian Best<\/span><\/th>\n<th rowspan=\"4\" width=\"30%\"><img loading=\"lazy\" decoding=\"async\" class=\"alignnone wp-image-585 size-full\" src=\"http:\/\/www.fwg-woellstadt.de\/wp-content\/uploads\/Bilder\/Best.png\" alt=\"\" width=\"300\" height=\"450\" \/><\/th>\n<\/tr>\n<tr>\n<td>Funktionen:<\/td>\n<td>Gemeindevertreter<br><strong>Vorsitzender Bau-, Planungs- und Umweltausschuss<\/strong><\/td>\n<\/tr>\n<tr>\n<td>Beruf:<\/td>\n<td>Landwirt<\/td>\n<\/tr>\n<tr>\n<td>Hobbys:<\/td>\n<td>Feuerwehr, Jagd<\/td>\n<\/tr>\n<\/tbody>\n<\/table>\n\n\n\n<table class=\"tftable\" border=\"1\">\n<tbody>\n<tr>\n<th width=\"15%\">Name:<\/th>\n<th><span style=\"font-size: 120%;\">Heinz Malek<\/span><\/th>\n<th rowspan=\"4\" width=\"30%\"><img loading=\"lazy\" decoding=\"async\" class=\"alignnone wp-image-585 size-full\" src=\"http:\/\/www.fwg-woellstadt.de\/wp-content\/uploads\/Bilder\/Malek.png\" alt=\"\" width=\"300\" height=\"450\" \/><\/th>\n<\/tr>\n<tr>\n<td>Funktionen:<\/td>\n<td>Gemeindevertreter<br><strong>Vorsitzender Sozial-, Kultur- und Sportausschuss<\/strong><\/td>\n<\/tr>\n<tr>\n<td>Beruf:<\/td>\n<td>Rentner<\/td>\n<\/tr>\n<tr>\n<td>Hobbys:<\/td>\n<td>Ehrenamt, Spazierg\u00e4nge, Natur<\/td>\n<\/tr>\n<\/tbody>\n<\/table>\n\n\n\n<table class=\"tftable\" border=\"1\">\n<tbody>\n<tr>\n<th width=\"15%\">Name:<\/th>\n<th><span style=\"font-size: 120%;\">Torsten Greiff<\/span><\/th>\n<th rowspan=\"4\" width=\"30%\"><img loading=\"lazy\" decoding=\"async\" class=\"alignnone wp-image-585 size-full\" src=\"http:\/\/fwg-woellstadt.de\/wp-content\/uploads\/2025\/03\/Portrait_Torsten_Greiff-scaled.jpg\" alt=\"\" width=\"300\" height=\"450\" \/><\/th>\n<\/tr>\n<tr>\n<td>Funktionen:<\/td>\n<td>Gemeindevertreter<br>Mitglied Haupt- und Finanzausschuss<\/td>\n<\/tr>\n<tr>\n<td>Beruf:<\/td>\n<td>Landwirt<\/td>\n<\/tr>\n<tr>\n<td>Hobbys:<\/td>\n<td>Motarrad, Ski und Kapitalmarkt<\/td>\n<\/tr>\n<\/tbody>\n<\/table>\n\n\n\n<table class=\"tftable\" border=\"1\">\n<tbody>\n<tr>\n<th width=\"15%\">Name:<\/th>\n<th><span style=\"font-size: 120%;\">Lutz Gr\u00fcnsfelder<\/span><\/th>\n<th rowspan=\"4\" width=\"30%\"><img loading=\"lazy\" decoding=\"async\" class=\"alignnone wp-image-585 size-full\" src=\"http:\/\/fwg-woellstadt.de\/wp-content\/uploads\/2020\/10\/Gruensfelder.png\" alt=\"\" width=\"300\" height=\"450\" \/><\/th>\n<\/tr>\n<tr>\n<td>Funktionen:<\/td>\n<td>Gemeindevertreter<br>Mitglied Bau-, Planungs- und Umweltausschuss<\/td>\n<\/tr>\n<tr>\n<td>Beruf:<\/td>\n<td>Objektbetreuer<\/td>\n<\/tr>\n<tr>\n<td>Hobbys:<\/td>\n<td>Motorrad, Ski, wandern<\/td>\n<\/tr>\n<\/tbody>\n<\/table>\n\n\n\n<table class=\"tftable\" border=\"1\">\n<tbody>\n<tr>\n<th width=\"15%\">Name:<\/th>\n<th><span style=\"font-size: 120%;\">Daniela Liedke<\/span><\/th>\n<th rowspan=\"4\" width=\"30%\"><img loading=\"lazy\" decoding=\"async\" class=\"alignnone wp-image-585 size-full\" src=\"http:\/\/fwg-woellstadt.de\/wp-content\/uploads\/2023\/10\/Dani-Liedtke.png\" alt=\"\" width=\"300\" height=\"450\" \/><\/th>\n<\/tr>\n<tr>\n<td>Funktionen:<\/td>\n<td>Gemeindevertreterin<br>Mitglied Sozial-, Kultur- und Sportausschuss<\/td>\n<\/tr>\n<tr>\n<td>Beruf:<\/td>\n<td>Bankangestellte<\/td>\n<\/tr>\n<tr>\n<td>Hobbys:<\/td>\n<td>Garten, lesen, unser Pferd<\/td>\n<\/tr>\n<\/tbody>\n<\/table>\n\n\n\n<div class=\"wp-block-group\"><div class=\"wp-block-group__inner-container is-layout-constrained wp-block-group-is-layout-constrained\">\n<table class=\"tftable\" border=\"1\">\n<tbody>\n<tr>\n<th width=\"15%\">Name:<\/th>\n<th><span style=\"font-size: 120%;\">Joachim Schnabel<\/span><\/th>\n<th rowspan=\"4\" width=\"30%\"><img loading=\"lazy\" decoding=\"async\" class=\"alignnone wp-image-585 size-full\" src=\"http:\/\/www.fwg-woellstadt.de\/wp-content\/uploads\/Bilder\/Schnabel.png\" alt=\"\" width=\"300\" height=\"450\" \/><\/th>\n<\/tr>\n<tr>\n<td>Funktionen:<\/td>\n<td>Gemeindevertreter<\/td>\n<\/tr>\n<tr>\n<td>Beruf:<\/td>\n<td>Dipl.-Ing. (FH) Gartenbau<\/td>\n<\/tr>\n<tr>\n<td>Hobbys:<\/td>\n<td>Musik im Musikzug<\/td>\n<\/tr>\n<\/tbody>\n<\/table>\n<\/div><\/div>\n\n\n\n<table class=\"tftable\" border=\"1\">\n<tbody>\n<tr>\n<th width=\"15%\">Name:<\/th>\n<th><span style=\"font-size: 120%;\">Benita Heger<\/span><\/th>\n<th rowspan=\"4\" width=\"30%\"><img loading=\"lazy\" decoding=\"async\" class=\"alignnone wp-image-585 size-full\" src=\"http:\/\/fwg-woellstadt.de\/wp-content\/uploads\/2021\/02\/8-Heger-scaled-e1693556443992-265x300.jpg\" alt=\"\" width=\"300\" height=\"450\" \/><\/th>\n<\/tr>\n<tr>\n<td>Funktionen:<\/td>\n<td>Gemeindevertreterin<\/td>\n<\/tr>\n<tr>\n<td>Beruf:<\/td>\n<td>Verwaltungsbeamtin<\/td>\n<\/tr>\n<tr>\n<td>Hobbys:<\/td>\n<td>Chorgesang, Tanzsport<\/td>\n<\/tr>\n<\/tbody>\n<\/table>\n\n\n\n<table class=\"tftable\" border=\"1\">\n<tbody>\n<tr>\n<th width=\"15%\">Name:<\/th>\n<th><span style=\"font-size: 120%;\">Walter Nebel<\/span><\/th>\n<th rowspan=\"4\" width=\"30%\"><img loading=\"lazy\" decoding=\"async\" class=\"alignnone wp-image-585 size-full\" src=\"http:\/\/fwg-woellstadt.de\/wp-content\/uploads\/2021\/02\/18-Nebel-scaled-e1693556902660-242x300.jpg\" alt=\"\" width=\"300\" height=\"450\" \/><\/th>\n<\/tr>\n<tr>\n<td>Funktionen:<\/td>\n<td>Gemeindevertreter<\/td>\n<\/tr>\n<tr>\n<td>Beruf:<\/td>\n<td>Bankkaufmann im Ruhestand<\/td>\n<\/tr>\n<tr>\n<td>Hobbys:<\/td>\n<td>Radfahren, Skifahren, Fu\u00dfball, Wandern<\/td>\n<\/tr>\n<\/tbody>\n<\/table>\n\n\n\n<table class=\"tftable\" border=\"1\">\n<tbody>\n<tr>\n<th width=\"15%\">Name:<\/th>\n<th><span style=\"font-size: 120%;\">Martina Ebeling<\/span><\/th>\n<th rowspan=\"4\" width=\"30%\"><img loading=\"lazy\" decoding=\"async\" class=\"alignnone wp-image-585 size-full\" src=\"http:\/\/fwg-woellstadt.de\/wp-content\/uploads\/2023\/10\/17-Martina-Ebeling.png\" alt=\"\" width=\"300\" height=\"450\" \/><\/th>\n<\/tr>\n<tr>\n<td>Funktionen:<\/td>\n<td>Gemeindevertreterin<\/td>\n<\/tr>\n<tr>\n<td>Beruf:<\/td>\n<td>Hotelfachfrau, Kassiererin im Einzelhandel<\/td>\n<\/tr>\n<tr>\n<td>Hobbys:<\/td>\n<td>Spaziergang mit dem Hund, Kochen<\/td>\n<\/tr>\n<\/tbody>\n<\/table>\n\n\n\n<table class=\"tftable\" border=\"1\">\n<tbody>\n<tr>\n<th width=\"15%\">Name:<\/th>\n<th><span style=\"font-size: 120%;\">Rainer Heisterkamp<\/span><\/th>\n<th rowspan=\"4\" width=\"30%\"><img loading=\"lazy\" decoding=\"async\" class=\"alignnone wp-image-585 size-full\" src=\"http:\/\/fwg-woellstadt.de\/wp-content\/uploads\/2023\/10\/16-Rainer-Heisterkamp.png\" alt=\"\" width=\"300\" height=\"450\" \/><\/th>\n<\/tr>\n<tr>\n<td>Funktionen:<\/td>\n<td>Gemeindevertreter <\/td>\n<\/tr>\n<tr>\n<td>Beruf:<\/td>\n<td>Brandoberamtsrat i.R.<\/td>\n<\/tr>\n<tr>\n<td>Hobbys:<\/td>\n<td>Antikes Spielzeug, Oldtimer, Sport<\/td>\n<\/tr>\n<\/tbody>\n<\/table>\n\n\n\n<div class=\"wp-block-group\"><div class=\"wp-block-group__inner-container is-layout-constrained wp-block-group-is-layout-constrained\">\n<p>Mit dem guten Abschneiden bei der Kommunalwahl und der Erweiterung im Gemeindevorstand konnten drei Beigeordnete durch die FWG gestellt werden.<\/p>\n<\/div><\/div>\n\n\n\n<table class=\"tftable\" border=\"1\">\n<tbody>\n<tr>\n<th width=\"15%\">Name:<\/th>\n<th><span style=\"font-size: 120%;\">Markus Sch\u00fctz<\/span><\/th>\n<th rowspan=\"4\" width=\"30%\"><img loading=\"lazy\" decoding=\"async\" class=\"alignnone wp-image-585 size-full\" src=\"http:\/\/fwg-woellstadt.de\/wp-content\/uploads\/2023\/10\/Markus-Schuetz.png\" alt=\"\" width=\"300\" height=\"450\" \/><\/th>\n<\/tr>\n<tr>\n<td>Funktionen:<\/td>\n<td>B\u00fcrgermeister von W\u00f6llstadt<\/td>\n<\/tr>\n<tr>\n<td>Beruf:<\/td>\n<td>Kaufmann<\/td>\n<\/tr>\n<tr>\n<td>Hobbys:<\/td>\n<td>Eishockey, reisen<\/td>\n<\/tr>\n<\/tbody>\n<\/table>\n\n\n\n<table class=\"tftable\" border=\"1\">\n<tbody>\n<tr>\n<th width=\"15%\">Name:<\/th>\n<th><span style=\"font-size: 120%;\">Erich Reinke<\/span><\/th>\n<th rowspan=\"4\" width=\"30%\"><img loading=\"lazy\" decoding=\"async\" class=\"alignnone wp-image-585 size-full\" src=\"http:\/\/fwg-woellstadt.de\/wp-content\/uploads\/2020\/10\/Reinke.png\" alt=\"\" width=\"300\" height=\"450\" \/><\/th>\n<\/tr>\n<tr>\n<td>Funktionen:<\/td>\n<td>Erster Beigeordneter<\/td>\n<\/tr>\n<tr>\n<td>Beruf:<\/td>\n<td>Ruhest\u00e4ndler<\/td>\n<\/tr>\n<tr>\n<td>Hobbys:<\/td>\n<td>Sport, Politik, lesen<\/td>\n<\/tr>\n<\/tbody>\n<\/table>\n\n\n\n<table class=\"tftable\" border=\"1\">\n<tbody>\n<tr>\n<th width=\"15%\">Name:<\/th>\n<th><span style=\"font-size: 120%;\">Winfried Lang<\/span><\/th>\n<th rowspan=\"4\" width=\"30%\"><img loading=\"lazy\" decoding=\"async\" class=\"alignnone wp-image-585 size-full\" src=\"http:\/\/fwg-woellstadt.de\/wp-content\/uploads\/2023\/10\/Winfried-Lang.png\" alt=\"\" width=\"300\" height=\"450\" \/><\/th>\n<\/tr>\n<tr>\n<td>Funktionen:<\/td>\n<td>Beigeordneter<\/td>\n<\/tr>\n<tr>\n<td>Beruf:<\/td>\n<td>Rentner<\/td>\n<\/tr>\n<tr>\n<td>Hobbys:<\/td>\n<td>Kleintierzucht, Reisen, Segelfliegen, Opernbesuche<\/td>\n<\/tr>\n<\/tbody>\n<\/table>\n\n\n\n<p><b>Dieses 18-k\u00f6pfige Team und viele engagierte B\u00fcrgerinnen und B\u00fcrger vertreten Sie in den kommunalen Gremien und machen f\u00fcr Sie Gemeindepolitik!<\/b><\/p>\n\n\n\n<p><\/p>\n","protected":false},"excerpt":{"rendered":"<div class=\"mh-excerpt\"><p>Unsere Aktiven in der Gemeindevertretung und in dem Gemeindevorstand von W\u00f6llstadt. Nachdem wir wieder erhebliche Stimmengewinne bei der Kommunalwahl 2021 erhalten haben, hat sich die Situation in der Gemeindevertretung gravierend ver\u00e4ndert. Wir haben nach dieser <a class=\"mh-excerpt-more\" href=\"http:\/\/fwg-woellstadt.de\/index.php\/fwg-fraktion\/\" title=\"FWG-Fraktion\">[&#8230;]<\/a><\/p>\n<\/div>","protected":false},"author":1,"featured_media":0,"parent":0,"menu_order":1,"comment_status":"closed","ping_status":"closed","template":"template-full.php","meta":{"_EventAllDay":false,"_EventTimezone":"","_EventStartDate":"","_EventEndDate":"","_EventStartDateUTC":"","_EventEndDateUTC":"","_EventShowMap":false,"_EventShowMapLink":false,"_EventURL":"","_EventCost":"","_EventCostDescription":"","_EventCurrencySymbol":"","_EventCurrencyCode":"","_EventCurrencyPosition":"","_EventDateTimeSeparator":"","_EventTimeRangeSeparator":"","_EventOrganizerID":[],"_EventVenueID":[],"_OrganizerEmail":"","_OrganizerPhone":"","_OrganizerWebsite":"","_VenueAddress":"","_VenueCity":"","_VenueCountry":"","_VenueProvince":"","_VenueState":"","_VenueZip":"","_VenuePhone":"","_VenueURL":"","_VenueStateProvince":"","_VenueLat":"","_VenueLng":"","_VenueShowMap":false,"_VenueShowMapLink":false,"footnotes":""},"class_list":["post-18","page","type-page","status-publish"],"_links":{"self":[{"href":"http:\/\/fwg-woellstadt.de\/index.php\/wp-json\/wp\/v2\/pages\/18","targetHints":{"allow":["GET"]}}],"collection":[{"href":"http:\/\/fwg-woellstadt.de\/index.php\/wp-json\/wp\/v2\/pages"}],"about":[{"href":"http:\/\/fwg-woellstadt.de\/index.php\/wp-json\/wp\/v2\/types\/page"}],"author":[{"embeddable":true,"href":"http:\/\/fwg-woellstadt.de\/index.php\/wp-json\/wp\/v2\/users\/1"}],"replies":[{"embeddable":true,"href":"http:\/\/fwg-woellstadt.de\/index.php\/wp-json\/wp\/v2\/comments?post=18"}],"version-history":[{"count":73,"href":"http:\/\/fwg-woellstadt.de\/index.php\/wp-json\/wp\/v2\/pages\/18\/revisions"}],"predecessor-version":[{"id":2043,"href":"http:\/\/fwg-woellstadt.de\/index.php\/wp-json\/wp\/v2\/pages\/18\/revisions\/2043"}],"wp:attachment":[{"href":"http:\/\/fwg-woellstadt.de\/index.php\/wp-json\/wp\/v2\/media?parent=18"}],"curies":[{"name":"wp","href":"https:\/\/api.w.org\/{rel}","templated":true}]}}