{"id":344,"date":"2020-10-17T16:29:25","date_gmt":"2020-10-17T14:29:25","guid":{"rendered":"http:\/\/fwg-woellstadt.de\/?page_id=344"},"modified":"2020-10-17T22:48:04","modified_gmt":"2020-10-17T20:48:04","slug":"datenschutzerklaerung","status":"publish","type":"page","link":"http:\/\/fwg-woellstadt.de\/index.php\/datenschutzerklaerung\/","title":{"rendered":"Datenschutzerkl\u00e4rung"},"content":{"rendered":"\n<p>Mit dieser Datenschutzerkl\u00e4rung m\u00f6chten wir Sie \u00fcber Art, Umfang und Zweck der Verarbeitung von personenbezogenen Daten auf unserer Webseite aufkl\u00e4ren. Personenbezogene Daten sind alle Daten, die einen pers\u00f6nlichen Bezug zu Ihnen aufweisen, z. B. Name, Adresse, E-Mail-Adresse oder Nutzerverhalten.<\/p>\n\n\n\n<p>F\u00fcr ein Auskunftsersuchen der von Ihnen gespeicherten Daten nutzen Sie bitte unser Formular <strong><a href=\"https:\/\/www.fwg-rosbach.de\/datenschutzanfrage\/\" target=\"_blank\" rel=\"noopener\">Datenschutzanfrage<\/a><\/strong>.<\/p>\n\n\n\n<h2 class=\"wp-block-heading\"><strong>Wer bei uns f\u00fcr die Datenverarbeitung verantwortlich ist<\/strong><\/h2>\n\n\n\n<p>Verantwortlich f\u00fcr die Datenverarbeitung durch die FWG W\u00f6llstadt ist:<\/p>\n\n\n\n<p>Sebastian Briel<br>Bahnhofstra\u00dfe 4<br>61206 W\u00f6llstadt<br><a href=\"mailto:kopp@fwg-rosbach.de\">administrator@fwg-woellstadt.de<\/a><\/p>\n\n\n\n<h2 class=\"wp-block-heading\">Webhosting<\/h2>\n\n\n\n<p>Wir bedienen uns zum Vorhalten unserer Onlinepr\u00e4senz eines Internet-Service-Providers, auf dessen Server die Webseite gespeichert wird (Hosting) und der unsere Seite im Internet verf\u00fcgbar macht. Hierbei verarbeitet der Internet-Service-Providers in unserem Auftrag Kontaktdaten, Inhaltsdaten, Vertragsdaten, Nutzungsdaten, Bestandsdaten sowie Meta- und Kommunikationsdaten. Rechtsgrundlage: Rechtsgrundlage f\u00fcr die vorbeschriebene Verarbeitung ist unser berechtigtes Interesse an einer effizienten und sicheren Zurverf\u00fcgungstellung unseres Onlineangebotes, Art. 6 Abs. 1 lit. f DSGVO i. V. m. Art. 28 DSGVO (Auftragsverarbeitungsvertrag).<\/p>\n\n\n\n<p>Sofern Sie unsere Webseite lediglich informatorisch nutzen, werden von unserem Internet-Service-Provider nur diejenigen personenbezogenen Daten erhoben, die der von Ihnen verwendete Browser an dessen Server \u00fcbermittelt. Das sind folgende Daten:<\/p>\n\n\n\n<ul class=\"wp-block-list\"><li>IP-Adresse<\/li><li>das Datum und die Uhrzeit des Zugriffs auf unsere Internetseite<\/li><li>Zeitzonendifferenz zur Greenwich Mean Time (GMT)<\/li><li>Zugriffsstatus (HTTP-Status)<\/li><li>die \u00fcbertragene Datenmenge<\/li><li>der Internet-Service-Provider des zugreifenden Systems<\/li><li>der von Ihnen verwendete Browsertyp und dessen Version<\/li><li>das von Ihnen verwendete Betriebssystem<\/li><li>die Internetseite, von welcher Sie gegebenenfalls auf unsere Internetseite gelangt sind<\/li><li>die Seiten bzw. Unterseiten, welche Sie auf unserer Internetseite besuchen.<\/li><\/ul>\n\n\n\n<p>Die vorgenannten Daten werden als Logfiles auf den Servern unseres Internet-Service-Providers gespeichert. Dies ist erforderlich, um die Webseite auf dem von Ihnen genutzten Endger\u00e4t darstellen zu k\u00f6nnen, sowie die Stabilit\u00e4t und Sicherheit zu gew\u00e4hrleisten. In den vorstehenden Zwecken liegt unser berechtigtes Interesse an der Datenverarbeitung.&nbsp;<strong>Rechtsgrundlage:<\/strong>&nbsp;Rechtsgrundlage hierf\u00fcr ist Art. 6 Abs. 1 S. 1 lit. f DSGVO.&nbsp;<strong>Dauer:<\/strong>&nbsp;Die vorstehenden Daten zur Bereitstellung unserer Webseite werden f\u00fcr die Dauer von 8 Tagen gespeichert und dann gel\u00f6scht.&nbsp;<strong>Verhinderung:<\/strong>&nbsp;Da die Verarbeitung der vorstehenden Daten f\u00fcr die Bereitstellung unseres Internetauftritts zwingend erforderlich ist, besteht kein Widerspruchsrecht.<\/p>\n\n\n\n<h2 class=\"wp-block-heading\">Cookies<\/h2>\n\n\n\n<p>Unsere Internetseite nutzt Cookies. Bei Cookies handelt es sich um kleine Textdateien, bestehend aus einer Reihe von Zahlen und Buchstaben, die auf dem von Ihnen genutzten Endger\u00e4t abgelegt und gespeichert werden. Cookies \u00fcbertragen weder Viren noch k\u00f6nnen sie Programme ausf\u00fchren. Vielmehr dienen sie vorrangig dazu, Informationen zwischen dem von Ihnen genutzten Endger\u00e4t und unserer Webseite auszutauschen, um unser Internetangebot f\u00fcr Sie nutzerfreundlicher und effektiver zu machen. Dabei ist zu unterscheiden zwischen tempor\u00e4ren (transienten) Cookies uns persistenten Cookies. Zu den transienten Cookies z\u00e4hlen insbesondere die Session-Cookies. Diese speichern eine sogenannte Session-ID, mit welcher sich verschiedene Anfragen Ihres Browsers der gemeinsamen Sitzung zuordnen lassen. Dadurch erkennt unsere Webseite Ihren Rechner wieder, wenn Sie auf unsere Webseite zur\u00fcckkehren. Die Session-Cookies werden gel\u00f6scht, wenn Sie sich ausloggen oder Ihren Browser schlie\u00dfen. Persistente Cookies werden automatisiert nach einer vorgegebenen Dauer gel\u00f6scht, die sich je nach Cookie unterscheiden kann. Sie haben die M\u00f6glichkeit, diese Cookies in den Sicherheitseinstellungen Ihres Browsers jederzeit zu l\u00f6schen.<\/p>\n\n\n\n<p>Die Cookies dienen dazu, unsere Website nutzerfreundlicher zu gestalten. Einige Elemente unserer Internetseite erfordern es, dass der aufrufende Browser auch nach einem Seitenwechsel identifiziert werden kann. In diesen Cookies k\u00f6nnen insbesondere Informationen zu Spracheinstellungen oder Log-In-Informationen gespeichert sein.<\/p>\n\n\n\n<p>In den vorstehenden Zwecken liegt unser berechtigtes Interesse an der Datenverarbeitung. Rechtsgrundlage hierf\u00fcr ist Art. 6 Abs. 1 S. 1 lit. f DSGVO.<\/p>\n\n\n\n<p>Da die Cookies auf Ihrem Computer gespeichert werden, haben Sie als Nutzer auch die volle Kontrolle \u00fcber die Verwendung von Cookies. Sie haben die M\u00f6glichkeit, \u00fcber die Sicherheitseinstellungen Ihres Browsers festzulegen, ob Cookies \u00fcberhaupt gespeichert werden. Sie k\u00f6nnen etwa von vornherein keine oder nur auf Nachfrage Cookies akzeptieren oder aber festlegen, dass Cookies nach jedem Schlie\u00dfen Ihres Browsers gel\u00f6scht werden. Werden Cookies f\u00fcr unsere Website deaktiviert, k\u00f6nnen m\u00f6glicherweise nicht mehr alle Funktionen der Website vollumf\u00e4nglich genutzt werden.<\/p>\n\n\n\n<h2 class=\"wp-block-heading\"><strong>Speicherdauer\/L\u00f6schung<\/strong><\/h2>\n\n\n\n<p>Wir l\u00f6schen oder sperren Ihre personenbezogenen Daten, sobald der Zweck der Speicherung erreicht ist oder entf\u00e4llt. Eine dar\u00fcberhinausgehende Speicherung erfolgt nur, wenn uns dies durch nationale oder europ\u00e4ische Vorschriften aufgegeben wird. Eine Sperrung oder L\u00f6schung der Daten erfolgt in diesem Fall dann, wenn die in den jeweiligen Vorschriften vorgeschriebene Speicherfrist abgelaufen ist, es sei denn wir ben\u00f6tigen Ihre Daten zur Erf\u00fcllung eines zwischen uns geschlossenen Vertrages oder wenn dies zur Geltendmachung, Aus\u00fcbung oder Verteidigung von Rechtsanspr\u00fcchen erforderlich ist.<\/p>\n\n\n\n<h2 class=\"wp-block-heading\">Kontaktaufnahme \u00fcber Kontaktformular, E-Mail, Soziale Medien oder Telefon<\/h2>\n\n\n\n<p>Soweit Sie das auf unserer Internetpr\u00e4senz angebotene Kontaktformular nutzen oder uns per E-Mail. Telefon, oder sozialer Medien ansprechen und uns hier\u00fcber personenbezogene Daten zur Verf\u00fcgung stellen, werden diese Daten zur Verarbeitung Ihrer Anfrage in unserem Hause automatisch gespeichert und weiterverarbeitet. Diese Daten werden nur zur Korrespondenz mit Ihnen verarbeitet. Die Daten\u00fcbermittlung \u00fcber unser Kontaktformular erfolgt \u00fcber eine verschl\u00fcsselte SSL-Verbindung. Eine Weitergabe Ihrer Daten an Dritte erfolgt nicht.&nbsp;<strong>Zweck:<\/strong>&nbsp;Ihren Namen ben\u00f6tigen wir, um Sie in unserer Antwort ansprechen zu k\u00f6nnen. Ihre E-Mail-Adresse ben\u00f6tigen wir, um Ihre Anfrage beantworten zu k\u00f6nnen. Ihre Telefonnummer ben\u00f6tigen wir, um Ihrer R\u00fcckrufbitte nachkommen zu k\u00f6nnen.&nbsp;<strong>Rechtsgrundlage:<\/strong>&nbsp;Die Rechtsgrundlage f\u00fcr die vorbeschriebene Nutzung Ihrer Daten ist Art. 6 Abs.1 lit.&nbsp;a DSGVO.&nbsp;<strong>L\u00f6schung:<\/strong>&nbsp;Die von uns erhobenen personenbezogenen Daten werden gel\u00f6scht, sofern sie nicht mehr erforderlich sind. Wir \u00fcberpr\u00fcfen die Erforderlichkeit alle 2 Jahre. Au\u00dferdem k\u00f6nnen Sie die Datenverarbeitung jederzeit widerrufen.<\/p>\n\n\n\n<h2 class=\"wp-block-heading\">Blog<\/h2>\n\n\n\n<p>Sie haben die M\u00f6glichkeit die von uns \u00fcber unserem Blog geposteten Beitr\u00e4ge zu kommentieren. Da wir f\u00fcr rechtsverletzende Inhalte (Beleidigung, Schm\u00e4hkritik, Volksverhetzung, verbotene Gewaltdarstellung etc.) Ihres Kommentars unter Umst\u00e4nden selbst in Haftung genommen werden k\u00f6nnen, speichern wir Ihre IP-Adresse f\u00fcr die Dauer von 7 Tagen, um gegebenenfalls hier\u00fcber Ihre Identit\u00e4t ermitteln zu k\u00f6nnen.&nbsp;<strong>Rechtsgrundlage<\/strong>: Die Rechtsgrundlage f\u00fcr die Speicherung Ihrer Daten ist Art. 6 Abs. 1 lit.&nbsp;f DSGVO.&nbsp;<strong>L\u00f6schung<\/strong>: Die von uns auf diese Weise erhobenen und \u00fcbertragenen Daten werden nach 14 Tagen automatisch gel\u00f6scht.&nbsp;<strong>Verhinderung<\/strong>: Sie k\u00f6nnen die Speicherung der IP-Adresse verhindern, indem Sie keine Kommentare abgeben.<\/p>\n\n\n\n<h2 class=\"wp-block-heading\">Ihre Rechte als Nutzer unserer Onlinepr\u00e4senz nach der DSGVO<\/h2>\n\n\n\n<p>Nach der DSGVO stehen Ihnen die nachfolgend aufgef\u00fchrten Rechte zu, die Sie jederzeit bei dem in Ziffer 1. dieser Datenschutzerkl\u00e4rung genannten Verantwortlichen geltend machen k\u00f6nnen:<\/p>\n\n\n\n<ul class=\"wp-block-list\"><li><strong>Recht auf Auskunft:<\/strong>&nbsp;Sie k\u00f6nnen nach Art. 15 DSGVO eine Best\u00e4tigung dar\u00fcber verlangen, ob und welche personenbezogenen Daten wir von Ihnen verarbeiten. Dar\u00fcber hinaus k\u00f6nnen Sie von uns unentgeltlich Auskunft \u00fcber die Verarbeitungszwecke, die Kategorie der personenbezogenen Daten, die Kategorien von Empf\u00e4ngern, gegen\u00fcber denen Ihre Daten offengelegt wurden oder werden, die geplante Speicherdauer, das Bestehen eines Rechts auf Berichtigung, L\u00f6schung, Einschr\u00e4nkung der Verarbeitung oder Widerspruch, das Bestehen eines Beschwerderechts sowie die Herkunft ihrer Daten, sofern diese nicht bei uns erhoben wurden, verlangen. Ferner steht Ihnen ein Auskunftsrecht dar\u00fcber zu, ob Ihre personenbezogenen Daten an ein Drittland oder an eine internationale Organisation \u00fcbermittelt wurden. Sofern dies der Fall ist, steht Ihnen das Recht zu, Auskunft \u00fcber die geeigneten Garantien im Zusammenhang mit der \u00dcbermittlung zu erhalten.<\/li><li><strong>Recht auf Berichtigung:<\/strong>&nbsp;Gem\u00e4\u00df Art. 16 DSGVO k\u00f6nnen Sie die Berichtigung unrichtiger oder Vervollst\u00e4ndigung unvollst\u00e4ndiger der bei uns gespeicherten und Sie betreffenden personenbezogenen Daten verlangen.<\/li><li><strong>Recht auf L\u00f6schung:<\/strong>&nbsp;Gem\u00e4\u00df Art. 17 DSGVO steht Ihnen das Recht zu, die L\u00f6schung Ihrer bei uns gespeicherten personenbezogenen Daten zu verlangen, soweit wir deren Verarbeitung nicht zu folgenden Zwecken ben\u00f6tigen:<ul><li>zur Erf\u00fcllung einer rechtlichen Verpflichtung,<\/li><li>zur Geltendmachung, Aus\u00fcbung oder Verteidigung von Rechtsanspr\u00fcchen,<\/li><li>zur Aus\u00fcbung des Rechts auf freie Meinungs\u00e4u\u00dferung und Information oder<\/li><li>aus Gr\u00fcnden der in Art. 17 Abs. 3 lit c und d DSGVO genannten F\u00e4lle des \u00f6ffentlichen Interesses.<\/li><\/ul><\/li><li><strong>Recht auf Einschr\u00e4nkung:<\/strong>&nbsp;Gem\u00e4\u00df Art. 18 DSGVO haben Sie das Recht, die Einschr\u00e4nkung der Verarbeitung Ihrer personenbezogenen Daten zu verlangen, wenn<ul><li>die Richtigkeit der Daten von Ihnen bestritten wird, und zwar f\u00fcr eine Dauer, die es uns erm\u00f6glicht, die Richtigkeit der personenbezogenen Daten zu \u00fcberpr\u00fcfen,<\/li><li>die Verarbeitung Ihrer Daten unrechtm\u00e4\u00dfig ist, Sie aber deren L\u00f6schung ablehnen und stattdessen die Einschr\u00e4nkung der Nutzung der Daten verlangen,<\/li><li>wir die personenbezogenen Daten f\u00fcr die Zwecke der Verarbeitung nicht l\u00e4nger ben\u00f6tigen, Sie die Daten jedoch zur Geltendmachung, Aus\u00fcbung oder Verteidigung von Rechtsanspr\u00fcchen ben\u00f6tigen<\/li><li>Sie gem\u00e4\u00df Art. 21 DSGVO Widerspruch gegen die Verarbeitung Ihrer Daten eingelegt haben, es aber noch nicht feststeht, ob die berechtigten Gr\u00fcnde, die uns trotz Ihres Widerspruches zu einer weiteren Verarbeitung berechtigten, Ihre Rechte \u00fcberwiegen.<\/li><\/ul><\/li><li><strong>Recht auf Unterrichtung:<\/strong>&nbsp;Sofern Sie das Recht auf Berichtigung, L\u00f6schung oder Einschr\u00e4nkung der Verarbeitung gegen\u00fcber uns geltend gemacht haben, sind wir verpflichtet, allen Empf\u00e4ngern, denen gegen\u00fcber die Sie betreffenden personenbezogene Daten offengelegt wurden, die von Ihnen verlangte Berichtigung oder L\u00f6schung der Daten oder deren Einschr\u00e4nkung der Verarbeitung mitzuteilen, es sei denn, dies erweist sich als unm\u00f6glich oder ist mit einem unverh\u00e4ltnism\u00e4\u00dfigen Aufwand verbunden. Ihnen steht das Recht zu, von uns \u00fcber diese Empf\u00e4nger unterrichtet zu werden.<\/li><li><strong>Recht auf Daten\u00fcbertragbarkeit:<\/strong>&nbsp;Gem\u00e4\u00df Art. 20 DSGVO k\u00f6nnen Sie verlangen, dass wir die Sie betreffenden personenbezogenen Daten, die Sie uns bereitgestellt haben, in einem strukturierten, g\u00e4ngigen und maschinenlesebaren Format zu erhalten oder die \u00dcbermittlung an einen anderen Verantwortlichen zu verlangen.<\/li><li><strong>Beschwerderecht<\/strong>: Nach Art. 77 DSGVO haben Sie das Recht, sich bei einer Aufsichtsbeh\u00f6rde zu beschweren. Hierf\u00fcr k\u00f6nnen Sie sich an die Aufsichtsbeh\u00f6rde Ihres \u00fcblichen Aufenthaltsortes, Ihres Arbeitsplatzes oder unseres Vereinssitzes wenden.<\/li><\/ul>\n\n\n\n<h2 class=\"wp-block-heading\">Widerrufsrecht<\/h2>\n\n\n\n<p>Gem\u00e4\u00df Art. 7 Abs. 3 DSGVO steht Ihnen das Recht zu, Ihre erteilte Einwilligung in die Verarbeitung Ihrer Daten jederzeit uns gegen\u00fcber zu widerrufen. Der von Ihnen erkl\u00e4rte Widerruf \u00e4ndert nichts an der Rechtm\u00e4\u00dfigkeit der bis zum Widerruf erfolgten Verarbeitung Ihrer personenbezogenen Daten.<\/p>\n\n\n\n<h2 class=\"wp-block-heading\">Widerspruchsrecht<\/h2>\n\n\n\n<p>Sie haben das Recht, aus Gr\u00fcnden, die sich aus Ihrer besonderen Situation ergeben, jederzeit gegen die Verarbeitung der Sie betreffenden personenbezogenen Daten, die aufgrund einer Interessenabw\u00e4gung (Art. 6 Abs. 1 lit. f DSGVO) erfolgt, Widerspruch einzulegen. Dies ist insbesondere dann der Fall, wenn die Datenverarbeitung nicht zur Erf\u00fcllung eines Vertrages erforderlich ist. Sofern Sie von Ihrem Widerspruchsrecht Gebrauch machen, bitten wir Sie um die Darlegung der Gr\u00fcnde. Wir werden Ihre personenbezogenen Daten dann nicht mehr verarbeiten, es sei denn, wir k\u00f6nnen Ihnen gegen\u00fcber nachweisen, dass zwingende schutzw\u00fcrdige Gr\u00fcnde an der Datenverarbeitung Ihre Interessen und Rechte \u00fcberwiegen.<\/p>\n\n\n\n<p><strong>Unabh\u00e4ngig vom vorstehend Gesagten, haben Sie das jederzeitige Recht, der Verarbeitung Ihrer personenbezogenen Daten f\u00fcr Zwecke der Werbung und Datenanalyse zu widersprechen.<\/strong><\/p>\n\n\n\n<p>Ihren Widerspruch richten Sie bitte an die oben angegebene Kontaktadresse des Verantwortlichen.<\/p>\n\n\n\n<h2 class=\"wp-block-heading\">YouTube<\/h2>\n\n\n\n<p>Wir nutzen auf dieser Webseite Komponenten von YouTube, einem Dienst der YouTube, LLC, 901 Cherry Ave., San Bruno, CA 94066, USA. Die YouTube, LLC ist einer Tochtergesellschaft der Google Inc., 1600 Amphitheatre Pkwy, Mountain View, CA 94043-1351, USA.<\/p>\n\n\n\n<p>YouTube ist ein Videoportal, auf dem sich Nutzer kostenfrei Videos ansehen k\u00f6nnen.&nbsp;YouTube bietet Webseitenbetreibern die M\u00f6glichkeit an, Videos auf der eigenen Website einzubinden. Dazu stellt YouTube einen Codeausschnitt zur Verf\u00fcgung, der das Video in einem sogenannten Inlineframe darstellt. Nachdem eine Seite bzw. Unterseite unserer Webseite aufgerufen wird auf der eine derartige Einbettung erfolgt ist, wird der von Ihnen verwendete Internetbrowser dazu veranlasst Videokomponenten des jeweils eingebetteten Videos oder Clips herunterzuladen. Dieser Vorgang setzt voraus, dass YouTube die Ihnen zugeordnete IP-Adresse ausliest; anderenfalls k\u00f6nnte YouTube das Video nicht an Ihren Browser \u00fcbermitteln. YouTube kann erkennen, dass Sie eine unserer Seiten, auf denen wir ein YouTube-Video eingebunden haben, besucht haben, wenn Sie bei YouTube eingeloggt sind. Diese Information wird auch dann an YouTube \u00fcbermittelt, wenn Sie das YouTube-Video nicht anklicken. Sowohl YouTube als auch Google sammeln diese Information und ordnen Sie Ihrem YouTube-Account zu.&nbsp;<strong>Verhinderung:<\/strong>&nbsp;Sie k\u00f6nnen diese Daten\u00fcbertragung jederzeit verhindern, indem Sie sich aus Ihrem YouTube Account ausloggen oder unter folgendem Link&nbsp;<a href=\"https:\/\/adssettings.google.com\/authenticated\" target=\"_blank\" rel=\"noreferrer noopener\">https:\/\/adssettings.google.com\/authenticated<\/a>&nbsp;nach Anmeldung in Ihrem Google Account durch Bet\u00e4tigung des Abmelde-Buttons ein Opt-out Cookie setzen.&nbsp;<strong>Rechtsgrundlage<\/strong>: Die Rechtsgrundlage f\u00fcr die vorgeschriebenen Nutzung der Daten ist Art. 6 Abs. 1 lit. f DSGVO.<\/p>\n\n\n\n<p><strong>Informationen zum Drittanbieter:<\/strong><\/p>\n\n\n\n<p>Sitz innerhalb der EU: Google Dublin, Google Ireland Ltd., Gordon House, Barrow Street, Dublin 4, Ireland, Fax: +353 (1) 436 1001.<\/p>\n\n\n\n<ul class=\"wp-block-list\"><li>Datenschutzerkl\u00e4rung:&nbsp;<a href=\"https:\/\/www.google.de\/intl\/de\/policies\/privacy\" target=\"_blank\" rel=\"noreferrer noopener\">http:\/\/www.google.de\/intl\/de\/policies\/privacy<\/a><\/li><\/ul>\n\n\n\n<h2 class=\"wp-block-heading\">Google (Invisible) reCAPTCHA<\/h2>\n\n\n\n<p>Wir nutzen auf unserem Internetauftritt \u201eGoogle (Invisible) reCAPTCHA \u201e, einen Dienst der Google Inc., 1600 Amphitheatre Parkway, Mountain View, CA 94043, USA.<\/p>\n\n\n\n<p>Google (Invisible) reCAPTCHA erm\u00f6glicht es uns zu pr\u00fcfen, ob bestimmte Handlungen oder Eingaben von einem Menschen oder aber missbr\u00e4uchlich von einem Bot, also von in einem automatisierten Verfahren durch einen Computer vorgenommen wird. Hierzu verarbeitet Google (Invisible) reCAPTCHA Informationen \u00fcber Ihr Nutzerverhalten auf unserer Webseite. Zudem wird Ihre IP-Adresse an einen Server von Google \u00fcbertragen. Google (Invisible) reCAPTCHA setzt dabei unter anderem Cookies&nbsp;(siehe zum Begriff oben unter der \u00dcberschrift Cookies) ein, die im Zwischenspeicher Ihres Browsers gespeichert werden und die eine Analyse der Benutzung unseres Internetauftritts durch Sie erm\u00f6glichen. N\u00e4here Informationen zur Art und Weise der Datenerhebung und -Verarbeitung finden Sie in den Datenschutzhinweisen von Google, die Sie hier abrufen k\u00f6nnen:&nbsp;<a href=\"https:\/\/www.google.de\/intl\/de\/policies\/privacy\" target=\"_blank\" rel=\"noreferrer noopener\">http:\/\/www.google.de\/intl\/de\/policies\/privacy<\/a>.&nbsp;<strong>Zweck:<\/strong>&nbsp;In den vorbenannten Interessen liegt der Zweck unserer Nutzung des Dienstes.&nbsp;<strong>Rechtsgrundlage:<\/strong>&nbsp;Die Rechtsgrundlage f\u00fcr die Nutzung ist Art. 6 Abs. 1 lit. f DSGVO.&nbsp;<strong>Verhinderung:<\/strong>&nbsp;Zum Einsatz und dem Unterbinden von Cookies verweisen wir auf die weiter oben unter \u00dcberschrift \u201eCookies\u201c gegebenen Hinweise. Sofern Sie beim Aufruf unserer Seite nicht \u00fcber Ihren Google Account angemeldet sind, wird die \u00fcber den Dienst an Google \u00fcbermittelte IP-Adresse nicht mit anderen Daten von Google zusammengef\u00fchrt. Sie m\u00fcssen sich also bei Google ausloggen und zwar bevor Sie unsere Seite besuchen, wenn Sie die Zusammenf\u00fchrung Ihrer IP-Adresse mit anderen Daten verhindern wollen. Google hat sich dem zwischen der Europ\u00e4ischen Union und den USA geschlossenen Privacy-Shield-Abkommen unterworfen und sich zertifiziert. Dadurch verpflichtet sich Google, die Standards und Vorschriften des europ\u00e4ischen Datenschutzrechts einzuhalten. N\u00e4here Informationen k\u00f6nnen Sie dem nachfolgend verlinkten Eintrag entnehmen:&nbsp;<a href=\"https:\/\/www.privacyshield.gov\/participant?id=a2zt000000001L5AAI&amp;status=Active\" target=\"_blank\" rel=\"noreferrer noopener\">https:\/\/www.privacyshield.gov\/participant?id=a2zt000000001L5AAI&amp;status=Active<\/a><\/p>\n\n\n\n<p><strong>Informationen zum Drittanbieter:<\/strong><\/p>\n\n\n\n<p>Sitz innerhalb der EU: Google Dublin, Google Ireland Ltd., Gordon House, Barrow Street, Dublin 4, Ireland, Fax: +353 (1) 436 1001.<\/p>\n\n\n\n<ul class=\"wp-block-list\"><li>Datenschutzerkl\u00e4rung&nbsp;&nbsp;<a href=\"https:\/\/www.google.com\/intl\/de\/policies\/\" target=\"_blank\" rel=\"noreferrer noopener\">https:\/\/www.google.com\/intl\/de\/policies\/<\/a><\/li><\/ul>\n\n\n\n<h2 class=\"wp-block-heading\"><strong>Sicherheitsma\u00dfnahmen<\/strong><\/h2>\n\n\n\n<p>Wir treffen im \u00dcbrigen technische und organisatorische Sicherheitsma\u00dfnahmen nach dem Stand der Technik, um die Vorschriften der Datenschutzgesetze einzuhalten und Ihre Daten gegen zuf\u00e4llige oder vors\u00e4tzliche Manipulationen, teilweisen oder vollst\u00e4ndigen Verlust, Zerst\u00f6rung oder gegen den unbefugten Zugriff Dritter zu sch\u00fctzen.<\/p>\n\n\n\n<h2 class=\"wp-block-heading\"><strong>Aktualit\u00e4t und \u00c4nderung dieser Datenschutzerkl\u00e4rung<\/strong><\/h2>\n\n\n\n<p>Diese Datenschutzerkl\u00e4rung ist aktuell g\u00fcltig und hat den Stand Mai 2018. Aufgrund ge\u00e4nderter gesetzlicher bzw. beh\u00f6rdlicher Vorgaben kann es notwendig werden, diese Datenschutzerkl\u00e4rung anzupassen.<\/p>\n\n\n\n<p>Diese Datenschutzerkl\u00e4rung wurde mit Hilfe des Datenschutzerkl\u00e4rungs-Generator von&nbsp;<a href=\"https:\/\/datenschutz.sos-recht.de\/\" target=\"_blank\" rel=\"noreferrer noopener\">SOS Recht<\/a>&nbsp;erstellt. SOS Recht ist ein Angebot der&nbsp;<a href=\"http:\/\/mueller-roessner.net\/\" target=\"_blank\" rel=\"noreferrer noopener\">MMR M\u00fcller M\u00fcller R\u00f6\u00dfner Rechtsanw\u00e4lte Partnerschaft<\/a>&nbsp;mit Sitz in Berlin.<\/p>\n","protected":false},"excerpt":{"rendered":"<div class=\"mh-excerpt\"><p>Mit dieser Datenschutzerkl\u00e4rung m\u00f6chten wir Sie \u00fcber Art, Umfang und Zweck der Verarbeitung von personenbezogenen Daten auf unserer Webseite aufkl\u00e4ren. Personenbezogene Daten sind alle Daten, die einen pers\u00f6nlichen Bezug zu Ihnen aufweisen, z. B. Name, <a class=\"mh-excerpt-more\" href=\"http:\/\/fwg-woellstadt.de\/index.php\/datenschutzerklaerung\/\" title=\"Datenschutzerkl\u00e4rung\">[&#8230;]<\/a><\/p>\n<\/div>","protected":false},"author":2,"featured_media":0,"parent":0,"menu_order":0,"comment_status":"closed","ping_status":"closed","template":"","meta":{"_EventAllDay":false,"_EventTimezone":"","_EventStartDate":"","_EventEndDate":"","_EventStartDateUTC":"","_EventEndDateUTC":"","_EventShowMap":false,"_EventShowMapLink":false,"_EventURL":"","_EventCost":"","_EventCostDescription":"","_EventCurrencySymbol":"","_EventCurrencyCode":"","_EventCurrencyPosition":"","_EventDateTimeSeparator":"","_EventTimeRangeSeparator":"","_EventOrganizerID":[],"_EventVenueID":[],"_OrganizerEmail":"","_OrganizerPhone":"","_OrganizerWebsite":"","_VenueAddress":"","_VenueCity":"","_VenueCountry":"","_VenueProvince":"","_VenueState":"","_VenueZip":"","_VenuePhone":"","_VenueURL":"","_VenueStateProvince":"","_VenueLat":"","_VenueLng":"","_VenueShowMap":false,"_VenueShowMapLink":false,"footnotes":""},"class_list":["post-344","page","type-page","status-publish"],"_links":{"self":[{"href":"http:\/\/fwg-woellstadt.de\/index.php\/wp-json\/wp\/v2\/pages\/344","targetHints":{"allow":["GET"]}}],"collection":[{"href":"http:\/\/fwg-woellstadt.de\/index.php\/wp-json\/wp\/v2\/pages"}],"about":[{"href":"http:\/\/fwg-woellstadt.de\/index.php\/wp-json\/wp\/v2\/types\/page"}],"author":[{"embeddable":true,"href":"http:\/\/fwg-woellstadt.de\/index.php\/wp-json\/wp\/v2\/users\/2"}],"replies":[{"embeddable":true,"href":"http:\/\/fwg-woellstadt.de\/index.php\/wp-json\/wp\/v2\/comments?post=344"}],"version-history":[{"count":1,"href":"http:\/\/fwg-woellstadt.de\/index.php\/wp-json\/wp\/v2\/pages\/344\/revisions"}],"predecessor-version":[{"id":345,"href":"http:\/\/fwg-woellstadt.de\/index.php\/wp-json\/wp\/v2\/pages\/344\/revisions\/345"}],"wp:attachment":[{"href":"http:\/\/fwg-woellstadt.de\/index.php\/wp-json\/wp\/v2\/media?parent=344"}],"curies":[{"name":"wp","href":"https:\/\/api.w.org\/{rel}","templated":true}]}}